{"id":986,"date":"2024-02-13T21:58:35","date_gmt":"2024-02-13T20:58:35","guid":{"rendered":"https:\/\/natural-equilibrium.com\/?page_id=986"},"modified":"2026-04-26T21:41:08","modified_gmt":"2026-04-26T19:41:08","slug":"environmental-actions","status":"publish","type":"page","link":"https:\/\/natural-equilibrium.com\/es\/environmental-actions\/","title":{"rendered":"ACCIONES MEDIOAMBIENTALES"},"content":{"rendered":"<div class=\"wp-block-group alignfull has-global-padding is-layout-constrained wp-block-group-is-layout-constrained\">\n<div style=\"height:60px\" aria-hidden=\"true\" class=\"wp-block-spacer\"><\/div>\n\n\n\n<div class=\"wp-block-group has-background has-global-padding is-layout-constrained wp-block-group-is-layout-constrained\" style=\"background-color:#eaf7f7\">\n<hr class=\"wp-block-separator has-alpha-channel-opacity\"\/>\n\n\n\n<div style=\"height:28px\" aria-hidden=\"true\" class=\"wp-block-spacer\"><\/div>\n\n\n\n<p class=\"has-text-align-center\" style=\"font-size:14px;font-style:normal;font-weight:400;letter-spacing:1px\">Queremos inspirar y motivar a otros a vivir de forma consciente, teniendo en cuenta los beneficios que nos aporta la naturaleza.<\/p>\n\n\n\n<p class=\"has-text-align-center\" style=\"font-size:14px;font-style:normal;font-weight:400;letter-spacing:1px\">Buscamos expandir conciencia medioambiental compartiendo diferentes actividades que NATURAL EQUILIBRIUM lleva a cabo para apoyar el cuidado de la Naturaleza. Si quieres participar, ponte en contacto con nosotros!<\/p>\n\n\n\n<div style=\"height:28px\" aria-hidden=\"true\" class=\"wp-block-spacer\"><\/div>\n\n\n\n<hr class=\"wp-block-separator has-alpha-channel-opacity\"\/>\n<\/div>\n\n\n\n<h3 class=\"wp-block-heading has-large-font-size\" id=\"inspiro-is-a-digital-product-agency-that-focuses-on-strategy-and-desig\" style=\"font-style:normal;font-weight:300\">Nuestras acciones<\/h3>\n\n\n<ul style=\"font-size:14px;font-style:normal;font-weight:400;letter-spacing:1px;\" class=\"wp-block-latest-posts__list is-grid columns-3 has-dates wp-block-latest-posts\"><li><div class=\"wp-block-latest-posts__featured-image\"><a href=\"https:\/\/natural-equilibrium.com\/es\/2026\/04\/26\/trash-collection-in-valencia\/\" aria-label=\"Recogida de basura en Valencia\"><img fetchpriority=\"high\" decoding=\"async\" width=\"300\" height=\"170\" src=\"https:\/\/natural-equilibrium.com\/wp-content\/uploads\/2026\/04\/photo_2026-04-26_18-51-33-e1777240548480-300x170.jpg\" class=\"attachment-medium size-medium wp-post-image\" alt=\"\" style=\"max-width:300px;max-height:300px;\" sizes=\"100vw\" \/><\/a><\/div><a class=\"wp-block-latest-posts__post-title\" href=\"https:\/\/natural-equilibrium.com\/es\/2026\/04\/26\/trash-collection-in-valencia\/\">Recogida de basura en Valencia<\/a><time datetime=\"2026-04-26T22:15:00+02:00\" class=\"wp-block-latest-posts__post-date\">26.04.2026<\/time><div class=\"wp-block-latest-posts__post-excerpt\">It was a shock to see the large amount of rubbish scattered along the streets near the Club N\u00e1utico de Valencia. While docked there, the Sailing Marlin crew took initiative and organised a Trash Collection Day to take action and raise awareness. &hellip; <p class=\"link-more\"><a href=\"https:\/\/natural-equilibrium.com\/es\/2026\/04\/26\/trash-collection-in-valencia\/\" class=\"more-link\">Leer m\u00e1s<span class=\"screen-reader-text\"> \u00abTRASH COLLECTION IN VALENCIA\u00bb<\/span><\/a><\/p><\/div><\/li>\n<li><div class=\"wp-block-latest-posts__featured-image\"><a href=\"https:\/\/natural-equilibrium.com\/es\/2025\/03\/15\/one-year-after-our-first-sustainable-action\/\" aria-label=\"UN A\u00d1O DESPU\u00c9S DE NUESTRA PRIMERA ACCI\u00d3N SOSTENIBLE\"><img decoding=\"async\" width=\"300\" height=\"240\" src=\"https:\/\/natural-equilibrium.com\/wp-content\/uploads\/2025\/03\/34c7b3eb-fc85-4a9f-9515-8c1eb9ee943a-300x240.png\" class=\"attachment-medium size-medium wp-post-image\" alt=\"\" style=\"max-width:300px;max-height:300px;\" sizes=\"100vw\" \/><\/a><\/div><a class=\"wp-block-latest-posts__post-title\" href=\"https:\/\/natural-equilibrium.com\/es\/2025\/03\/15\/one-year-after-our-first-sustainable-action\/\">UN A\u00d1O DESPU\u00c9S DE NUESTRA PRIMERA ACCI\u00d3N SOSTENIBLE<\/a><time datetime=\"2025-03-15T19:22:57+01:00\" class=\"wp-block-latest-posts__post-date\">15.03.2025<\/time><div class=\"wp-block-latest-posts__post-excerpt\">Exactly one year ago, on March 15, 2024, NATURAL EQUILIBRIUM carried out its first sustainable environmental action. On that day, some of the members gathered in Laubichl im Pongau with the goal of planting trees over the weekend. With great motivation, sweat, &hellip; <p class=\"link-more\"><a href=\"https:\/\/natural-equilibrium.com\/es\/2025\/03\/15\/one-year-after-our-first-sustainable-action\/\" class=\"more-link\">Leer m\u00e1s<span class=\"screen-reader-text\"> \u00abONE YEAR AFTER OUR FIRST SUSTAINABLE ACTION\u00bb<\/span><\/a><\/p><\/div><\/li>\n<li><div class=\"wp-block-latest-posts__featured-image\"><a href=\"https:\/\/natural-equilibrium.com\/es\/2024\/05\/21\/trash-collection-on-rodoni-beach-albania\/\" aria-label=\"RECOLECCI\u00d3N DE BASURA EN LA PLAYA DE RODONI (ALBANIA)\"><img decoding=\"async\" width=\"300\" height=\"240\" src=\"https:\/\/natural-equilibrium.com\/wp-content\/uploads\/2024\/05\/61512464-885f-4b8a-9a38-d0d9d607ec71-300x240.jpg\" class=\"attachment-medium size-medium wp-post-image\" alt=\"\" style=\"max-width:300px;max-height:300px;\" sizes=\"100vw\" \/><\/a><\/div><a class=\"wp-block-latest-posts__post-title\" href=\"https:\/\/natural-equilibrium.com\/es\/2024\/05\/21\/trash-collection-on-rodoni-beach-albania\/\">RECOLECCI\u00d3N DE BASURA EN LA PLAYA DE RODONI (ALBANIA)<\/a><time datetime=\"2024-05-21T18:29:32+02:00\" class=\"wp-block-latest-posts__post-date\">21.05.2024<\/time><div class=\"wp-block-latest-posts__post-excerpt\">La playa de Rodoni est\u00e1 situada en el cabo Rodon y ofrece un entorno paradis\u00edaco en plena naturaleza. En la ruta de senderismo por las empinadas laderas hasta el castillo Rodoni se disfruta de una vista impresionante del mar abierto. <p class=\"link-more\"><a href=\"https:\/\/natural-equilibrium.com\/es\/2024\/05\/21\/trash-collection-on-rodoni-beach-albania\/\" class=\"more-link\">Leer m\u00e1s<span class=\"screen-reader-text\"> \u00abTRASH COLLECTION ON RODONI BEACH (ALBANIA)\u00bb<\/span><\/a><\/p><\/div><\/li>\n<li><div class=\"wp-block-latest-posts__featured-image\"><a href=\"https:\/\/natural-equilibrium.com\/es\/2024\/03\/07\/tree-planting-campaign\/\" aria-label=\"CAMPA\u00d1A DE PLANTACI\u00d3N DE \u00c1RBOLES\"><img loading=\"lazy\" decoding=\"async\" width=\"300\" height=\"240\" src=\"https:\/\/natural-equilibrium.com\/wp-content\/uploads\/2024\/03\/60b33c09-6987-4521-8a77-7f892f602376-300x240.png\" class=\"attachment-medium size-medium wp-post-image\" alt=\"\" style=\"max-width:300px;max-height:300px;\" sizes=\"100vw\" \/><\/a><\/div><a class=\"wp-block-latest-posts__post-title\" href=\"https:\/\/natural-equilibrium.com\/es\/2024\/03\/07\/tree-planting-campaign\/\">CAMPA\u00d1A DE PLANTACI\u00d3N DE \u00c1RBOLES<\/a><time datetime=\"2024-03-07T22:21:31+01:00\" class=\"wp-block-latest-posts__post-date\">07.03.2024<\/time><div class=\"wp-block-latest-posts__post-excerpt\">El pr\u00f3ximo fin de semana plantaremos 400 \u00e1rboles en Austria (regi\u00f3n de Salzburgo). Te invitamos a participar en este a evento. Juntos podemos hacer una contribuci\u00f3n positiva a la naturaleza. Todos los participantes podr\u00e1n poner nombre a su \u00e1rbol favorito. <p class=\"link-more\"><a href=\"https:\/\/natural-equilibrium.com\/es\/2024\/03\/07\/tree-planting-campaign\/\" class=\"more-link\">Leer m\u00e1s<span class=\"screen-reader-text\"> \u00abTREE PLANTING CAMPAIGN\u00bb<\/span><\/a><\/p><\/div><\/li>\n<\/ul>\n\n\n<h3 class=\"wp-block-heading has-large-font-size\" id=\"inspiro-is-a-digital-product-agency-that-focuses-on-strategy-and-desig\" style=\"font-weight:300\">Impresiones<\/h3>\n\n\n\n<figure class=\"wp-block-embed is-type-video is-provider-youtube wp-block-embed-youtube wp-embed-aspect-16-9 wp-has-aspect-ratio\"><div class=\"wp-block-embed__wrapper\">\n<iframe title=\"First Waste Collection Project\" width=\"950\" height=\"534\" src=\"https:\/\/www.youtube.com\/embed\/dxXGeq76nnQ?feature=oembed\" frameborder=\"0\" allow=\"accelerometer; autoplay; clipboard-write; encrypted-media; gyroscope; picture-in-picture; web-share\" referrerpolicy=\"strict-origin-when-cross-origin\" allowfullscreen><\/iframe>\n<\/div><\/figure>\n\n\n\n<div style=\"height:100px\" aria-hidden=\"true\" class=\"wp-block-spacer\"><\/div>\n\n\n\n<div class=\"wp-block-group alignfull has-black-background-color has-background has-global-padding is-layout-constrained wp-block-group-is-layout-constrained\">\n<div style=\"height:16px\" aria-hidden=\"true\" class=\"wp-block-spacer\"><\/div>\n\n\n\n<ul class=\"wp-block-social-links has-huge-icon-size is-style-logos-only is-content-justification-center is-layout-flex wp-container-core-social-links-is-layout-a89b3969 wp-block-social-links-is-layout-flex\"><li class=\"wp-social-link wp-social-link-youtube  wp-block-social-link\"><a href=\"https:\/\/www.youtube.com\/@NATEQU\" class=\"wp-block-social-link-anchor\"><svg width=\"24\" height=\"24\" viewbox=\"0 0 24 24\" version=\"1.1\" xmlns=\"http:\/\/www.w3.org\/2000\/svg\" aria-hidden=\"true\" focusable=\"false\"><path d=\"M21.8,8.001c0,0-0.195-1.378-0.795-1.985c-0.76-0.797-1.613-0.801-2.004-0.847c-2.799-0.202-6.997-0.202-6.997-0.202 h-0.009c0,0-4.198,0-6.997,0.202C4.608,5.216,3.756,5.22,2.995,6.016C2.395,6.623,2.2,8.001,2.2,8.001S2,9.62,2,11.238v1.517 c0,1.618,0.2,3.237,0.2,3.237s0.195,1.378,0.795,1.985c0.761,0.797,1.76,0.771,2.205,0.855c1.6,0.153,6.8,0.201,6.8,0.201 s4.203-0.006,7.001-0.209c0.391-0.047,1.243-0.051,2.004-0.847c0.6-0.607,0.795-1.985,0.795-1.985s0.2-1.618,0.2-3.237v-1.517 C22,9.62,21.8,8.001,21.8,8.001z M9.935,14.594l-0.001-5.62l5.404,2.82L9.935,14.594z\"><\/path><\/svg><span class=\"wp-block-social-link-label screen-reader-text\">YouTube<\/span><\/a><\/li><\/ul>\n\n\n\n<div style=\"height:29px\" aria-hidden=\"true\" class=\"wp-block-spacer\"><\/div>\n\n\n\n<div class=\"wp-block-group is-layout-flow wp-block-group-is-layout-flow\" style=\"font-size:clamp(14px, 0.875rem + ((1vw - 3.2px) * 0.313), 17px);\">\n<div class=\"wp-block-buttons alignfull has-custom-font-size is-content-justification-center is-layout-flex wp-container-core-buttons-is-layout-a89b3969 wp-block-buttons-is-layout-flex\" style=\"font-size:clamp(14px, 0.875rem + ((1vw - 3.2px) * 0.104), 15px);\">\n<div class=\"wp-block-button\"><a class=\"wp-block-button__link wp-element-button\" href=\"https:\/\/natural-equilibrium.com\/es\/about-us\/\">Sobre nosotros<\/a><\/div>\n\n\n\n<div class=\"wp-block-button\"><a class=\"wp-block-button__link wp-element-button\" href=\"https:\/\/natural-equilibrium.com\/es\/projects\/\">PROYECTOS<\/a><\/div>\n\n\n\n<div class=\"wp-block-button\"><a class=\"wp-block-button__link wp-element-button\" href=\"https:\/\/natural-equilibrium.com\/es\/join-support-us\/\">join &amp; Support us<\/a><\/div>\n<\/div>\n<\/div>\n\n\n\n<p class=\"has-text-align-right has-white-color has-text-color has-link-color wp-elements-77b08b6ece88e5b75a0387faf7d74e0a\" style=\"font-size:14px;font-style:normal;font-weight:400;letter-spacing:1px\"><a href=\"https:\/\/natural-equilibrium.com\/es\/impressum\/\" data-type=\"link\" data-id=\"https:\/\/natural-equilibrium.com\/impressum\/\">Impressum<\/a><\/p>\n\n\n\n<div style=\"height:48px\" aria-hidden=\"true\" class=\"wp-block-spacer\"><\/div>\n<\/div>\n<\/div>","protected":false},"excerpt":{"rendered":"<p>We want to inspire and motivate others to live consciously, taking into account the benefits that Nature brings us. We aim to create environmental awareness by sharing different activities that NATURAL EQUILIBRIUM undertakes to support the care of Nature. If you want to collaborate, do not hesitate to contact us. Our actions Impressions Impressum<\/p>","protected":false},"author":1,"featured_media":989,"parent":0,"menu_order":0,"comment_status":"closed","ping_status":"closed","template":"","meta":{"footnotes":""},"class_list":["post-986","page","type-page","status-publish","has-post-thumbnail","hentry"],"jetpack_sharing_enabled":true,"rttpg_featured_image_url":{"full":["https:\/\/natural-equilibrium.com\/wp-content\/uploads\/2024\/02\/IMG_0473-Editada-scaled.jpg",1920,2560,false],"landscape":["https:\/\/natural-equilibrium.com\/wp-content\/uploads\/2024\/02\/IMG_0473-Editada-scaled.jpg",1920,2560,false],"portraits":["https:\/\/natural-equilibrium.com\/wp-content\/uploads\/2024\/02\/IMG_0473-Editada-scaled.jpg",1920,2560,false],"thumbnail":["https:\/\/natural-equilibrium.com\/wp-content\/uploads\/2024\/02\/IMG_0473-Editada-150x150.jpg",150,150,true],"medium":["https:\/\/natural-equilibrium.com\/wp-content\/uploads\/2024\/02\/IMG_0473-Editada-225x300.jpg",225,300,true],"large":["https:\/\/natural-equilibrium.com\/wp-content\/uploads\/2024\/02\/IMG_0473-Editada-768x1024.jpg",768,1024,true],"1536x1536":["https:\/\/natural-equilibrium.com\/wp-content\/uploads\/2024\/02\/IMG_0473-Editada-1152x1536.jpg",1152,1536,true],"2048x2048":["https:\/\/natural-equilibrium.com\/wp-content\/uploads\/2024\/02\/IMG_0473-Editada-1536x2048.jpg",1536,2048,true],"trp-custom-language-flag":["https:\/\/natural-equilibrium.com\/wp-content\/uploads\/2024\/02\/IMG_0473-Editada-9x12.jpg",9,12,true],"inspiro-featured-image":["https:\/\/natural-equilibrium.com\/wp-content\/uploads\/2024\/02\/IMG_0473-Editada-2000x2667.jpg",2000,2667,true],"inspiro-loop":["https:\/\/natural-equilibrium.com\/wp-content\/uploads\/2024\/02\/IMG_0473-Editada-950x320.jpg",950,320,true],"inspiro-loop@2x":["https:\/\/natural-equilibrium.com\/wp-content\/uploads\/2024\/02\/IMG_0473-Editada-1900x640.jpg",1900,640,true],"woocommerce_thumbnail":["https:\/\/natural-equilibrium.com\/wp-content\/uploads\/2024\/02\/IMG_0473-Editada-scaled-300x300.jpg",300,300,true],"woocommerce_single":["https:\/\/natural-equilibrium.com\/wp-content\/uploads\/2024\/02\/IMG_0473-Editada-scaled-600x800.jpg",600,800,true],"woocommerce_gallery_thumbnail":["https:\/\/natural-equilibrium.com\/wp-content\/uploads\/2024\/02\/IMG_0473-Editada-scaled-100x100.jpg",100,100,true]},"rttpg_author":{"display_name":"Marlin","author_link":"https:\/\/natural-equilibrium.com\/es\/author\/josinoa\/"},"rttpg_comment":0,"rttpg_category":null,"rttpg_excerpt":"We want to inspire and motivate others to live consciously, taking into account the benefits that Nature brings us. We aim to create environmental awareness by sharing different activities that NATURAL EQUILIBRIUM undertakes to support the care of Nature. If you want to collaborate, do not hesitate to contact us. Our actions Impressions Impressum","_links":{"self":[{"href":"https:\/\/natural-equilibrium.com\/es\/wp-json\/wp\/v2\/pages\/986","targetHints":{"allow":["GET"]}}],"collection":[{"href":"https:\/\/natural-equilibrium.com\/es\/wp-json\/wp\/v2\/pages"}],"about":[{"href":"https:\/\/natural-equilibrium.com\/es\/wp-json\/wp\/v2\/types\/page"}],"author":[{"embeddable":true,"href":"https:\/\/natural-equilibrium.com\/es\/wp-json\/wp\/v2\/users\/1"}],"replies":[{"embeddable":true,"href":"https:\/\/natural-equilibrium.com\/es\/wp-json\/wp\/v2\/comments?post=986"}],"version-history":[{"count":41,"href":"https:\/\/natural-equilibrium.com\/es\/wp-json\/wp\/v2\/pages\/986\/revisions"}],"predecessor-version":[{"id":2750,"href":"https:\/\/natural-equilibrium.com\/es\/wp-json\/wp\/v2\/pages\/986\/revisions\/2750"}],"wp:featuredmedia":[{"embeddable":true,"href":"https:\/\/natural-equilibrium.com\/es\/wp-json\/wp\/v2\/media\/989"}],"wp:attachment":[{"href":"https:\/\/natural-equilibrium.com\/es\/wp-json\/wp\/v2\/media?parent=986"}],"curies":[{"name":"wp","href":"https:\/\/api.w.org\/{rel}","templated":true}]}}