{"id":915,"date":"2024-02-13T22:05:00","date_gmt":"2024-02-13T21:05:00","guid":{"rendered":"https:\/\/natural-equilibrium.com\/?page_id=915"},"modified":"2025-06-07T23:59:53","modified_gmt":"2025-06-07T21:59:53","slug":"route","status":"publish","type":"page","link":"https:\/\/natural-equilibrium.com\/es\/route\/","title":{"rendered":"RUTA"},"content":{"rendered":"<p class=\"has-text-align-center\" style=\"font-size:14px;font-style:normal;font-weight:400;letter-spacing:1px\">Nuestra aventura comenz\u00f3 en el norte de Italia en abril de 2024. Partimos de Aprilia Marittima, el puerto donde estuvimos amarrados cuando compramos nuestro barco en 2022. Nuestro plan es explorar el Adri\u00e1tico y el Mediterr\u00e1neo (Croacia, Grecia, Sicilia, Cerde\u00f1a, Baleares, Costa Brava, Canarias) y cruzar el Oc\u00e9ano Atl\u00e1ntico a finales de 2024. Seguiremos fijando futuros destinos a medida que veamos c\u00f3mo evolucionan la ruta y nuestros intereses.<\/p>\n\n\n\n<div style=\"height:47px\" aria-hidden=\"true\" class=\"wp-block-spacer\"><\/div>\n\n\n\n<figure class=\"wp-block-gallery has-nested-images columns-default is-cropped wp-block-gallery-1 is-layout-flex wp-block-gallery-is-layout-flex\">\n<figure data-wp-context=\"{&quot;imageId&quot;:&quot;69f6027445f59&quot;}\" data-wp-interactive=\"core\/image\" data-wp-key=\"69f6027445f59\" class=\"wp-block-image aligncenter size-large is-style-rounded wp-lightbox-container\"><img fetchpriority=\"high\" decoding=\"async\" width=\"1024\" height=\"768\" data-wp-class--hide=\"state.isContentHidden\" data-wp-class--show=\"state.isContentVisible\" data-wp-init=\"callbacks.setButtonStyles\" data-wp-on--click=\"actions.showLightbox\" data-wp-on--load=\"callbacks.setButtonStyles\" data-wp-on-window--resize=\"callbacks.setButtonStyles\" data-id=\"916\" src=\"https:\/\/natural-equilibrium.com\/wp-content\/uploads\/2024\/02\/Prasentation1-1024x768.png\" alt=\"\" class=\"wp-image-916\"\/><button\n\t\t\tclass=\"lightbox-trigger\"\n\t\t\ttype=\"button\"\n\t\t\taria-haspopup=\"dialog\"\n\t\t\taria-label=\"Agrandar\"\n\t\t\tdata-wp-init=\"callbacks.initTriggerButton\"\n\t\t\tdata-wp-on--click=\"actions.showLightbox\"\n\t\t\tdata-wp-style--right=\"state.imageButtonRight\"\n\t\t\tdata-wp-style--top=\"state.imageButtonTop\"\n\t\t>\n\t\t\t<svg xmlns=\"http:\/\/www.w3.org\/2000\/svg\" width=\"12\" height=\"12\" fill=\"none\" viewbox=\"0 0 12 12\">\n\t\t\t\t<path fill=\"#fff\" d=\"M2 0a2 2 0 0 0-2 2v2h1.5V2a.5.5 0 0 1 .5-.5h2V0H2Zm2 10.5H2a.5.5 0 0 1-.5-.5V8H0v2a2 2 0 0 0 2 2h2v-1.5ZM8 12v-1.5h2a.5.5 0 0 0 .5-.5V8H12v2a2 2 0 0 1-2 2H8Zm2-12a2 2 0 0 1 2 2v2h-1.5V2a.5.5 0 0 0-.5-.5H8V0h2Z\" \/>\n\t\t\t<\/svg>\n\t\t<\/button><figcaption class=\"wp-element-caption\">La ruta de navegaci\u00f3n<\/figcaption><\/figure>\n<\/figure>\n\n\n\n<p class=\"has-text-align-center\" style=\"font-size:14px;font-style:normal;font-weight:400;letter-spacing:1px\">Este es el plan inicial, pero no podemos predecir la ruta con exactitud debido a las condiciones clim\u00e1ticas y a otros factores que nos se pueden prever. Por eso, nuestra estrategia es adaptarnos a las situaciones, navegar al ritmo del viento y disfrutar de la experiencia.<\/p>\n\n\n\n<h2 class=\"wp-block-heading\">Track<\/h2>\n\n\n\n<p class=\"has-text-align-center\" style=\"font-size:14px;font-style:normal;font-weight:400;letter-spacing:1px\">Here you will see our current position and will be able to follow our route.<\/p>\n\n\n\n<div class=\"wp-block-columns alignwide is-layout-flex wp-container-core-columns-is-layout-28f84493 wp-block-columns-is-layout-flex\">\n<div class=\"wp-block-column is-layout-flow wp-block-column-is-layout-flow\" style=\"flex-basis:100%\">\n<iframe src=\"https:\/\/www.noforeignland.com\/home\/embed\/map\/show\/6755394716178273\/3\/on\/satellite\/\" width=\"100%\" height=\"500\" scrolling=\"yes\" class=\"iframe-class\" frameborder=\"0\"><\/iframe>\n<\/div>\n<\/div>\n\n\n\n<div style=\"height:47px\" aria-hidden=\"true\" class=\"wp-block-spacer\"><\/div>\n\n\n\n<div class=\"wp-block-group alignfull has-black-background-color has-background has-global-padding is-layout-constrained wp-block-group-is-layout-constrained\">\n<div style=\"height:16px\" aria-hidden=\"true\" class=\"wp-block-spacer\"><\/div>\n\n\n\n<ul class=\"wp-block-social-links has-huge-icon-size is-style-logos-only is-content-justification-center is-layout-flex wp-container-core-social-links-is-layout-a89b3969 wp-block-social-links-is-layout-flex\"><li class=\"wp-social-link wp-social-link-instagram  wp-block-social-link\"><a href=\"https:\/\/www.instagram.com\/sailing.marlin\/\" class=\"wp-block-social-link-anchor\"><svg width=\"24\" height=\"24\" viewbox=\"0 0 24 24\" version=\"1.1\" xmlns=\"http:\/\/www.w3.org\/2000\/svg\" aria-hidden=\"true\" focusable=\"false\"><path d=\"M12,4.622c2.403,0,2.688,0.009,3.637,0.052c0.877,0.04,1.354,0.187,1.671,0.31c0.42,0.163,0.72,0.358,1.035,0.673 c0.315,0.315,0.51,0.615,0.673,1.035c0.123,0.317,0.27,0.794,0.31,1.671c0.043,0.949,0.052,1.234,0.052,3.637 s-0.009,2.688-0.052,3.637c-0.04,0.877-0.187,1.354-0.31,1.671c-0.163,0.42-0.358,0.72-0.673,1.035 c-0.315,0.315-0.615,0.51-1.035,0.673c-0.317,0.123-0.794,0.27-1.671,0.31c-0.949,0.043-1.233,0.052-3.637,0.052 s-2.688-0.009-3.637-0.052c-0.877-0.04-1.354-0.187-1.671-0.31c-0.42-0.163-0.72-0.358-1.035-0.673 c-0.315-0.315-0.51-0.615-0.673-1.035c-0.123-0.317-0.27-0.794-0.31-1.671C4.631,14.688,4.622,14.403,4.622,12 s0.009-2.688,0.052-3.637c0.04-0.877,0.187-1.354,0.31-1.671c0.163-0.42,0.358-0.72,0.673-1.035 c0.315-0.315,0.615-0.51,1.035-0.673c0.317-0.123,0.794-0.27,1.671-0.31C9.312,4.631,9.597,4.622,12,4.622 M12,3 C9.556,3,9.249,3.01,8.289,3.054C7.331,3.098,6.677,3.25,6.105,3.472C5.513,3.702,5.011,4.01,4.511,4.511 c-0.5,0.5-0.808,1.002-1.038,1.594C3.25,6.677,3.098,7.331,3.054,8.289C3.01,9.249,3,9.556,3,12c0,2.444,0.01,2.751,0.054,3.711 c0.044,0.958,0.196,1.612,0.418,2.185c0.23,0.592,0.538,1.094,1.038,1.594c0.5,0.5,1.002,0.808,1.594,1.038 c0.572,0.222,1.227,0.375,2.185,0.418C9.249,20.99,9.556,21,12,21s2.751-0.01,3.711-0.054c0.958-0.044,1.612-0.196,2.185-0.418 c0.592-0.23,1.094-0.538,1.594-1.038c0.5-0.5,0.808-1.002,1.038-1.594c0.222-0.572,0.375-1.227,0.418-2.185 C20.99,14.751,21,14.444,21,12s-0.01-2.751-0.054-3.711c-0.044-0.958-0.196-1.612-0.418-2.185c-0.23-0.592-0.538-1.094-1.038-1.594 c-0.5-0.5-1.002-0.808-1.594-1.038c-0.572-0.222-1.227-0.375-2.185-0.418C14.751,3.01,14.444,3,12,3L12,3z M12,7.378 c-2.552,0-4.622,2.069-4.622,4.622S9.448,16.622,12,16.622s4.622-2.069,4.622-4.622S14.552,7.378,12,7.378z M12,15 c-1.657,0-3-1.343-3-3s1.343-3,3-3s3,1.343,3,3S13.657,15,12,15z M16.804,6.116c-0.596,0-1.08,0.484-1.08,1.08 s0.484,1.08,1.08,1.08c0.596,0,1.08-0.484,1.08-1.08S17.401,6.116,16.804,6.116z\"><\/path><\/svg><span class=\"wp-block-social-link-label screen-reader-text\">Instagram<\/span><\/a><\/li><\/ul>\n\n\n\n<div style=\"height:29px\" aria-hidden=\"true\" class=\"wp-block-spacer\"><\/div>\n\n\n\n<div class=\"wp-block-group is-layout-flow wp-block-group-is-layout-flow\" style=\"font-size:clamp(14px, 0.875rem + ((1vw - 3.2px) * 0.313), 17px);\">\n<div class=\"wp-block-buttons alignfull has-custom-font-size is-content-justification-center is-layout-flex wp-container-core-buttons-is-layout-a89b3969 wp-block-buttons-is-layout-flex\" style=\"font-size:clamp(14px, 0.875rem + ((1vw - 3.2px) * 0.104), 15px);\">\n<div class=\"wp-block-button\"><a class=\"wp-block-button__link wp-element-button\" href=\"https:\/\/natural-equilibrium.com\/es\/sailing-marlin\/\">SAILING MARLIN<\/a><\/div>\n\n\n\n<div class=\"wp-block-button\"><a class=\"wp-block-button__link wp-element-button\" href=\"https:\/\/natural-equilibrium.com\/es\/crew\/\">EQUIPO<\/a><\/div>\n\n\n\n<div class=\"wp-block-button\"><a class=\"wp-block-button__link wp-element-button\" href=\"https:\/\/natural-equilibrium.com\/es\/boat\/\">BARCO<\/a><\/div>\n\n\n\n<div class=\"wp-block-button\"><a class=\"wp-block-button__link wp-element-button\" href=\"https:\/\/natural-equilibrium.com\/es\/experiencies\/\">EXPERIENCIAS<\/a><\/div>\n<\/div>\n<\/div>\n\n\n\n<p class=\"has-text-align-right has-white-color has-text-color has-link-color wp-elements-75480f8f215dd073c9c603fbbfc45501\" style=\"font-size:14px;font-style:normal;font-weight:400;letter-spacing:1px\"><a href=\"https:\/\/natural-equilibrium.com\/es\/impressum\/\" data-type=\"link\" data-id=\"https:\/\/natural-equilibrium.com\/impressum\/\">Impressum<\/a><\/p>\n\n\n\n<div style=\"height:48px\" aria-hidden=\"true\" class=\"wp-block-spacer\"><\/div>\n<\/div>","protected":false},"excerpt":{"rendered":"<p>Our adventure began in northern Italy in April 2024. We left from Aprilia Marittima, the port where we moored when we bought our boat in 2022. Our plan is to explore the Adriatic and the Mediterranean (Croatia, Greece, Sicily, Sardinia, Balearic Islands, Costa Brava, Canary Islands) and to cross the Atlantic Ocean at the end &hellip; <\/p>\n<p class=\"link-more\"><a href=\"https:\/\/natural-equilibrium.com\/es\/route\/\" class=\"more-link\">Leer m\u00e1s<span class=\"screen-reader-text\"> \u00abROUTE\u00bb<\/span><\/a><\/p>","protected":false},"author":1,"featured_media":924,"parent":0,"menu_order":0,"comment_status":"closed","ping_status":"closed","template":"","meta":{"footnotes":""},"class_list":["post-915","page","type-page","status-publish","has-post-thumbnail","hentry"],"jetpack_sharing_enabled":true,"rttpg_featured_image_url":{"full":["https:\/\/natural-equilibrium.com\/wp-content\/uploads\/2024\/02\/20220416_200338-scaled.jpg",2560,1440,false],"landscape":["https:\/\/natural-equilibrium.com\/wp-content\/uploads\/2024\/02\/20220416_200338-scaled.jpg",2560,1440,false],"portraits":["https:\/\/natural-equilibrium.com\/wp-content\/uploads\/2024\/02\/20220416_200338-scaled.jpg",2560,1440,false],"thumbnail":["https:\/\/natural-equilibrium.com\/wp-content\/uploads\/2024\/02\/20220416_200338-150x150.jpg",150,150,true],"medium":["https:\/\/natural-equilibrium.com\/wp-content\/uploads\/2024\/02\/20220416_200338-300x169.jpg",300,169,true],"large":["https:\/\/natural-equilibrium.com\/wp-content\/uploads\/2024\/02\/20220416_200338-1024x576.jpg",950,534,true],"1536x1536":["https:\/\/natural-equilibrium.com\/wp-content\/uploads\/2024\/02\/20220416_200338-1536x864.jpg",1536,864,true],"2048x2048":["https:\/\/natural-equilibrium.com\/wp-content\/uploads\/2024\/02\/20220416_200338-2048x1152.jpg",2048,1152,true],"trp-custom-language-flag":["https:\/\/natural-equilibrium.com\/wp-content\/uploads\/2024\/02\/20220416_200338-18x10.jpg",18,10,true],"inspiro-featured-image":["https:\/\/natural-equilibrium.com\/wp-content\/uploads\/2024\/02\/20220416_200338-2000x1125.jpg",2000,1125,true],"inspiro-loop":["https:\/\/natural-equilibrium.com\/wp-content\/uploads\/2024\/02\/20220416_200338-950x320.jpg",950,320,true],"inspiro-loop@2x":["https:\/\/natural-equilibrium.com\/wp-content\/uploads\/2024\/02\/20220416_200338-1900x640.jpg",1900,640,true],"woocommerce_thumbnail":["https:\/\/natural-equilibrium.com\/wp-content\/uploads\/2024\/02\/20220416_200338-scaled-300x300.jpg",300,300,true],"woocommerce_single":["https:\/\/natural-equilibrium.com\/wp-content\/uploads\/2024\/02\/20220416_200338-scaled-600x338.jpg",600,338,true],"woocommerce_gallery_thumbnail":["https:\/\/natural-equilibrium.com\/wp-content\/uploads\/2024\/02\/20220416_200338-scaled-100x100.jpg",100,100,true]},"rttpg_author":{"display_name":"Marlin","author_link":"https:\/\/natural-equilibrium.com\/es\/author\/josinoa\/"},"rttpg_comment":0,"rttpg_category":null,"rttpg_excerpt":"Our adventure began in northern Italy in April 2024. We left from Aprilia Marittima, the port where we moored when we bought our boat in 2022. Our plan is to explore the Adriatic and the Mediterranean (Croatia, Greece, Sicily, Sardinia, Balearic Islands, Costa Brava, Canary Islands) and to cross the Atlantic Ocean at the end&hellip;","_links":{"self":[{"href":"https:\/\/natural-equilibrium.com\/es\/wp-json\/wp\/v2\/pages\/915","targetHints":{"allow":["GET"]}}],"collection":[{"href":"https:\/\/natural-equilibrium.com\/es\/wp-json\/wp\/v2\/pages"}],"about":[{"href":"https:\/\/natural-equilibrium.com\/es\/wp-json\/wp\/v2\/types\/page"}],"author":[{"embeddable":true,"href":"https:\/\/natural-equilibrium.com\/es\/wp-json\/wp\/v2\/users\/1"}],"replies":[{"embeddable":true,"href":"https:\/\/natural-equilibrium.com\/es\/wp-json\/wp\/v2\/comments?post=915"}],"version-history":[{"count":28,"href":"https:\/\/natural-equilibrium.com\/es\/wp-json\/wp\/v2\/pages\/915\/revisions"}],"predecessor-version":[{"id":1910,"href":"https:\/\/natural-equilibrium.com\/es\/wp-json\/wp\/v2\/pages\/915\/revisions\/1910"}],"wp:featuredmedia":[{"embeddable":true,"href":"https:\/\/natural-equilibrium.com\/es\/wp-json\/wp\/v2\/media\/924"}],"wp:attachment":[{"href":"https:\/\/natural-equilibrium.com\/es\/wp-json\/wp\/v2\/media?parent=915"}],"curies":[{"name":"wp","href":"https:\/\/api.w.org\/{rel}","templated":true}]}}