{"id":2645,"date":"2026-02-04T17:06:09","date_gmt":"2026-02-04T16:06:09","guid":{"rendered":"https:\/\/natural-equilibrium.com\/?page_id=2645"},"modified":"2026-02-27T19:35:35","modified_gmt":"2026-02-27T18:35:35","slug":"thanks-for-your-feedback","status":"publish","type":"page","link":"https:\/\/natural-equilibrium.com\/es\/thanks-for-your-feedback\/","title":{"rendered":"Reviews \u2013 SAIL WITH US"},"content":{"rendered":"\n<p><\/p>\n\n\n\n<p><\/p>\n\n\n<div class='fluentform ff-default fluentform_wrapper_3 ffs_default_wrap'><form data-form_id=\"3\" id=\"fluentform_3\" class=\"frm-fluent-form fluent_form_3 ff-el-form-top ff_form_instance_3_1 ff-form-loading ffs_default\" data-form_instance=\"ff_form_instance_3_1\" method=\"POST\" ><fieldset  style=\"border: none!important;margin: 0!important;padding: 0!important;background-color: transparent!important;box-shadow: none!important;outline: none!important; min-inline-size: 100%;\">\n                    <legend class=\"ff_screen_reader_title\" style=\"display: block; margin: 0!important;padding: 0!important;height: 0!important;text-indent: -999999px;width: 0!important;overflow:hidden;\">YOUR FEEDBACK<\/legend><input type='hidden' name='__fluent_form_embded_post_id' value='2645' \/><input type=\"hidden\" id=\"_fluentform_3_fluentformnonce\" name=\"_fluentform_3_fluentformnonce\" value=\"edae065fd7\" \/><input type=\"hidden\" name=\"_wp_http_referer\" value=\"\/es\/wp-json\/wp\/v2\/pages\/2645\" \/><div data-type=\"name-element\" data-name=\"names\" class=\" ff-field_container ff-name-field-wrapper\" ><div class='ff-t-container'><div class='ff-t-cell '><div class='ff-el-group ff-el-form-top'><div class=\"ff-el-input--label asterisk-right\"><label for='ff_3_names_first_name_' id='label_ff_3_names_first_name_' >First Name<\/label><\/div><div class='ff-el-input--content'><input type=\"text\" name=\"names[first_name]\" id=\"ff_3_names_first_name_\" class=\"ff-el-form-control\" placeholder=\"Enter Your First Name\" aria-invalid=\"false\" aria-required=false><\/div><\/div><\/div><div class='ff-t-cell '><div class='ff-el-group ff-el-form-top'><div class=\"ff-el-input--label asterisk-right\"><label for='ff_3_names_last_name_' id='label_ff_3_names_last_name_' >Last Name<\/label><\/div><div class='ff-el-input--content'><input type=\"text\" name=\"names[last_name]\" id=\"ff_3_names_last_name_\" class=\"ff-el-form-control\" placeholder=\"Enter Your Last Name\" aria-invalid=\"false\" aria-required=false><\/div><\/div><\/div><\/div><\/div><div class='ff-el-group'><div class=\"ff-el-input--label ff-el-is-required asterisk-right\"><label for='ff_3_country-list' id='label_ff_3_country-list' aria-label=\"Country\">Country<\/label><\/div><div class='ff-el-input--content'><select name=\"country-list\" id=\"ff_3_country-list\" class=\"ff-el-form-control\" placeholder=\"Select Country\" data-name=\"country-list\" aria-invalid='false' aria-required=true><option value=''>Select Country<\/option><option value='AF' >Afganist\u00e1n<\/option><option value='AL' >Albania<\/option><option value='DE' >Alemania<\/option><option value='AD' >Andorra<\/option><option value='AO' >Angola<\/option><option value='AI' >Anguilla<\/option><option value='AG' >Antigua y Barbuda<\/option><option value='AQ' >Ant\u00e1rtida<\/option><option value='SA' >Arabia Saudita<\/option><option value='DZ' >Argelia<\/option><option value='AR' >Argentina<\/option><option value='AM' >Armenia<\/option><option value='AW' >Aruba<\/option><option value='AU' >Australia<\/option><option value='AT' >Austria<\/option><option value='AZ' >Azerbaijan<\/option><option value='BS' >Bahamas<\/option><option value='BH' >Bahrain<\/option><option value='BD' >Bangladesh<\/option><option value='BB' >Barbados<\/option><option value='BZ' >Belize<\/option><option value='BJ' >Benin<\/option><option value='BM' >Bermuda<\/option><option value='BT' >Bhutan<\/option><option value='BY' >Bielorrusia<\/option><option value='MM' >Birmania<\/option><option value='BO' >Bolivia<\/option><option value='BQ' >Bonaire, San Eustaquio y Saba<\/option><option value='BA' >Bosnia y Herzegovina<\/option><option value='BW' >Botswana<\/option><option value='BR' >Brasil<\/option><option value='BN' >Brun\u00e9i<\/option><option value='BG' >Bulgaria<\/option><option value='BF' >Burkina Faso<\/option><option value='BI' >Burundi<\/option><option value='BE' >B\u00e9lgica<\/option><option value='CV' >Cabo Verde<\/option><option value='KH' >Camboya<\/option><option value='CM' >Camer\u00fan<\/option><option value='CA' >Canad\u00e1<\/option><option value='TD' >Chad<\/option><option value='CL' >Chile<\/option><option value='CN' >China<\/option><option value='CY' >Chipre<\/option><option value='VA' >Ciudad del Vaticano<\/option><option value='CO' >Colombia<\/option><option value='KM' >Comoras<\/option><option value='KP' >Corea del Norte<\/option><option value='KR' >Corea del Sur<\/option><option value='CR' >Costa Rica<\/option><option value='CI' >Costa de Marfil<\/option><option value='HR' >Croacia<\/option><option value='CU' >Cuba<\/option><option value='CW' >Cura\u00e7ao<\/option><option value='DK' >Dinamarca<\/option><option value='DJ' >Djibouti<\/option><option value='DM' >Dominica<\/option><option value='EC' >Ecuador<\/option><option value='EG' >Egipto<\/option><option value='SV' >El Salvador<\/option><option value='AE' >Emiratos \u00c1rabes Unidos<\/option><option value='ER' >Eritrea<\/option><option value='SK' >Eslovaquia<\/option><option value='SI' >Eslovenia<\/option><option value='ES' >Espa\u00f1a<\/option><option value='VI' >Estados Unidos (EE.UU.) Islas V\u00edrgenes<\/option><option value='US' >Estados Unidos (EEUU)<\/option><option value='EE' >Estonia<\/option><option value='SZ' >Eswatini<\/option><option value='ET' >Etiop\u00eda<\/option><option value='PH' >Filipinas<\/option><option value='FI' >Finlandia<\/option><option value='FJ' >Fiyi<\/option><option value='FR' >Francia<\/option><option value='GA' >Gab\u00f3n<\/option><option value='GM' >Gambia<\/option><option value='GE' >Georgia<\/option><option value='GH' >Ghana<\/option><option value='GI' >Gibraltar<\/option><option value='GD' >Granada<\/option><option value='GR' >Grecia<\/option><option value='GL' >Groenlandia<\/option><option value='GP' >Guadalupe<\/option><option value='GU' >Guam<\/option><option value='GT' >Guatemala<\/option><option value='GF' >Guayana Francesa<\/option><option value='GG' >Guernsey<\/option><option value='GN' >Guinea<\/option><option value='GQ' >Guinea Ecuatorial<\/option><option value='GW' >Guinea-Bis\u00e1u<\/option><option value='GY' >Guyana<\/option><option value='HT' >Hait\u00ed<\/option><option value='HN' >Honduras<\/option><option value='HK' >Hong Kong<\/option><option value='HU' >Hungr\u00eda<\/option><option value='IN' >India<\/option><option value='ID' >Indonesia<\/option><option value='IQ' >Irak<\/option><option value='IE' >Irlanda<\/option><option value='IR' >Ir\u00e1n<\/option><option value='BV' >Isla Bouvet<\/option><option value='NF' >Isla Norfolk<\/option><option value='SH' >Isla Santa Elena<\/option><option value='IM' >Isla de Man<\/option><option value='CX' >Isla de Navidad<\/option><option value='IS' >Islandia<\/option><option value='AX' >Islas Aland<\/option><option value='KY' >Islas Caim\u00e1n<\/option><option value='CC' >Islas Cocos<\/option><option value='CK' >Islas Cook<\/option><option value='FO' >Islas Feroe<\/option><option value='GS' >Islas Georgias y Sandwich del Sur<\/option><option value='HM' >Islas Heard y McDonald<\/option><option value='FK' >Islas Malvinas<\/option><option value='MP' >Islas Marianas del Norte<\/option><option value='MH' >Islas Marshall<\/option><option value='SB' >Islas Salom\u00f3n<\/option><option value='TC' >Islas Turcas y Caicos<\/option><option value='VG' >Islas V\u00edrgenes Brit\u00e1nicas<\/option><option value='UM' >Islas de ultramar menores de Estados Unidos (EEUU)<\/option><option value='IL' >Israel<\/option><option value='IT' >Italia<\/option><option value='JM' >Jamaica<\/option><option value='JP' >Jap\u00f3n<\/option><option value='JE' >Jersey<\/option><option value='JO' >Jordania<\/option><option value='KZ' >Kazajist\u00e1n<\/option><option value='KE' >Kenia<\/option><option value='KG' >Kirguist\u00e1n<\/option><option value='KI' >Kiribati<\/option><option value='XK' >Kosovo<\/option><option value='KW' >Kuwait<\/option><option value='LA' >Laos<\/option><option value='LS' >Lesoto<\/option><option value='LV' >Letonia<\/option><option value='LR' >Liberia<\/option><option value='LY' >Libia<\/option><option value='LI' >Liechtenstein<\/option><option value='LT' >Lituania<\/option><option value='LU' >Luxemburgo<\/option><option value='LB' >L\u00edbano<\/option><option value='MO' >Macao<\/option><option value='MG' >Madagascar<\/option><option value='MY' >Malasia<\/option><option value='MW' >Malaui<\/option><option value='MV' >Maldivas<\/option><option value='MT' >Malta<\/option><option value='ML' >Mal\u00ed<\/option><option value='MA' >Marruecos<\/option><option value='MQ' >Martinica<\/option><option value='MU' >Mauricio<\/option><option value='MR' >Mauritania<\/option><option value='YT' >Mayotte<\/option><option value='FM' >Micronesia<\/option><option value='MD' >Moldavia<\/option><option value='MN' >Mongolia<\/option><option value='ME' >Montenegro<\/option><option value='MS' >Montserrat<\/option><option value='MZ' >Mozambique<\/option><option value='MX' >M\u00e9xico<\/option><option value='MC' >M\u00f3naco<\/option><option value='NA' >Namibia<\/option><option value='NR' >Nauru<\/option><option value='NP' >Nepal<\/option><option value='NI' >Nicaragua<\/option><option value='NG' >Nigeria<\/option><option value='NU' >Niue<\/option><option value='MK' >North Macedonia<\/option><option value='NO' >Noruega<\/option><option value='NC' >Nueva Caledonia<\/option><option value='NZ' >Nueva Zelanda<\/option><option value='NE' >N\u00edger<\/option><option value='OM' >Om\u00e1n<\/option><option value='PK' >Pakist\u00e1n<\/option><option value='PW' >Palau<\/option><option value='PA' >Panam\u00e1<\/option><option value='PG' >Pap\u00faa Nueva Guinea<\/option><option value='PY' >Paraguay<\/option><option value='NL' >Pa\u00edses Bajos<\/option><option value='PE' >Per\u00fa<\/option><option value='PN' >Pitcairn<\/option><option value='PF' >Polinesia Francesa<\/option><option value='PL' >Polonia<\/option><option value='PT' >Portugal<\/option><option value='PR' >Puerto Rico<\/option><option value='QA' >Qatar<\/option><option value='GB' >Reino Unido (UK)<\/option><option value='CF' >Rep\u00fablica Centroafricana<\/option><option value='CZ' >Rep\u00fablica Checa<\/option><option value='CD' >Rep\u00fablica Democr\u00e1tica del Congo (Kinshasa)<\/option><option value='DO' >Rep\u00fablica Dominicana<\/option><option value='CG' >Rep\u00fablica del Congo (Brazzaville)<\/option><option value='RE' >Reuni\u00f3n<\/option><option value='RW' >Ruanda<\/option><option value='RO' >Rumania<\/option><option value='RU' >Rusia<\/option><option value='EH' >Sahara Occidental<\/option><option value='BL' >Saint Barth\u00e9lemy<\/option><option value='WS' >Samoa<\/option><option value='AS' >Samoa Americana<\/option><option value='KN' >San Crist\u00f3bal y Nieves<\/option><option value='SM' >San Marino<\/option><option value='SX' >San Mart\u00edn (Pa\u00edses Bajos)<\/option><option value='MF' >San Mart\u00edn (parte de Francia)<\/option><option value='PM' >San Pedro y Miquel\u00f3n<\/option><option value='VC' >San Vicente y las Granadinas<\/option><option value='LC' >Santa Luc\u00eda<\/option><option value='ST' >Santo Tom\u00e9 y Pr\u00edncipe<\/option><option value='SN' >Senegal<\/option><option value='RS' >Serbia<\/option><option value='SC' >Seychelles<\/option><option value='SL' >Sierra Leona<\/option><option value='SG' >Singapur<\/option><option value='SY' >Siria<\/option><option value='SO' >Somalia<\/option><option value='LK' >Sri Lanka<\/option><option value='ZA' >Sud\u00e1frica<\/option><option value='SD' >Sud\u00e1n<\/option><option value='SS' >Sud\u00e1n del Sur<\/option><option value='SE' >Suecia<\/option><option value='CH' >Suiza<\/option><option value='SR' >Surinam<\/option><option value='SJ' >Svalbard y Jan Mayen<\/option><option value='TH' >Tailandia<\/option><option value='TW' >Taiw\u00e1n<\/option><option value='TZ' >Tanzania<\/option><option value='TJ' >Tayikist\u00e1n<\/option><option value='IO' >Territorio Brit\u00e1nico del Oc\u00e9ano \u00cdndico<\/option><option value='PS' >Territorios Palestinos<\/option><option value='TF' >Territorios australes franceses<\/option><option value='TL' >Timor Oriental<\/option><option value='TG' >Togo<\/option><option value='TK' >Tokelau<\/option><option value='TO' >Tonga<\/option><option value='TT' >Trinidad y Tobago<\/option><option value='TM' >Turkmenist\u00e1n<\/option><option value='TV' >Tuvalu<\/option><option value='TN' >T\u00fanez<\/option><option value='TR' >T\u00fcrkiye<\/option><option value='UA' >Ucrania<\/option><option value='UG' >Uganda<\/option><option value='UY' >Uruguay<\/option><option value='UZ' >Uzbekist\u00e1n<\/option><option value='VU' >Vanuatu<\/option><option value='VE' >Venezuela<\/option><option value='VN' >Vietnam<\/option><option value='WF' >Wallis y Futuna<\/option><option value='YE' >Yemen<\/option><option value='ZM' >Zambia<\/option><option value='ZW' >Zimbabue<\/option><\/select><\/div><\/div><div class='ff-el-group'><div class=\"ff-el-input--label ff-el-is-required asterisk-right\"><label for='ff_3_multi_select_1' id='label_ff_3_multi_select_1' aria-label=\"Did the experience meet your expectations?\">Did the experience meet your expectations?<\/label><\/div><div class='ff-el-input--content'><select name=\"multi_select_1[]\" id=\"ff_3_multi_select_1\" class=\"ff-el-form-control  ff_has_multi_select\" multiple=\"1\" data-name=\"multi_select_1\" data-calc_value=\"0\"  aria-invalid=\"false\" aria-required=\"true\" aria-labelledby=\"label_ff_3_multi_select_1\"><option value=\"Exceeded my expectations\"  >Exceeded my expectations<\/option><option value=\"Met my expectations\"  >Met my expectations<\/option><option value=\"Slightly below my expectations\"  >Slightly below my expectations<\/option><option value=\"Did not meet my expectations\"  >Did not meet my expectations<\/option><\/select><\/div><\/div><div class='ff-el-group'><div class=\"ff-el-input--label ff-el-is-required asterisk-right\"><label for='ff_3_input_text_1' id='label_ff_3_input_text_1' aria-label=\"What did you enjoy most about your sailing experience?\">What did you enjoy most about your sailing experience?<\/label><\/div><div class='ff-el-input--content'><input type=\"text\" name=\"input_text_1\" class=\"ff-el-form-control\" data-name=\"input_text_1\" id=\"ff_3_input_text_1\"  aria-invalid=\"false\" aria-required=true><\/div><\/div><div class='ff-el-group'><div class=\"ff-el-input--label ff-el-is-required asterisk-right\"><label for='ff_3_multi_select_4' id='label_ff_3_multi_select_4' aria-label=\"Did your sailing knowledge improve during the experience?\">Did your sailing knowledge improve during the experience?<\/label><\/div><div class='ff-el-input--content'><select name=\"multi_select_4[]\" id=\"ff_3_multi_select_4\" class=\"ff-el-form-control  ff_has_multi_select\" multiple=\"1\" data-name=\"multi_select_4\" data-calc_value=\"0\"  aria-invalid=\"false\" aria-required=\"true\" aria-labelledby=\"label_ff_3_multi_select_4\"><option value=\"Yes, significantly\"  >Yes, significantly<\/option><option value=\"Yes, somewhat\"  >Yes, somewhat<\/option><option value=\"No noticeable improvement\"  >No noticeable improvement<\/option><option value=\"wasI was not interested in learning\"  >wasI was not interested in learning<\/option><\/select><\/div><\/div><div class='ff-el-group'><div class=\"ff-el-input--label ff-el-is-required asterisk-right\"><label for='ff_3_multi_select_3' id='label_ff_3_multi_select_3' aria-label=\"Did you notice any change in your stress or wellbeing after the experience?\">Did you notice any change in your stress or wellbeing after the experience?<\/label><\/div><div class='ff-el-input--content'><select name=\"multi_select_3[]\" id=\"ff_3_multi_select_3\" class=\"ff-el-form-control  ff_has_multi_select\" multiple=\"1\" data-name=\"multi_select_3\" data-calc_value=\"0\"  aria-invalid=\"false\" aria-required=\"true\" aria-labelledby=\"label_ff_3_multi_select_3\"><option value=\"I felt significantly more relaxed\"  >I felt significantly more relaxed<\/option><option value=\"I felt somewhat more relaxed\"  >I felt somewhat more relaxed<\/option><option value=\"No noticeable change\"  >No noticeable change<\/option><option value=\"I felt slightly more stressed\"  >I felt slightly more stressed<\/option><option value=\"It slightly reduced my wellbeing\"  >It slightly reduced my wellbeing<\/option><\/select><\/div><\/div><div class='ff-el-group'><div class=\"ff-el-input--label ff-el-is-required asterisk-right\"><label for='ff_3_multi_select' id='label_ff_3_multi_select' aria-label=\"How likely are you to recommend our Caribbean sailing experience to others?\">How likely are you to recommend our Caribbean sailing experience to others?<\/label><\/div><div class='ff-el-input--content'><select name=\"multi_select[]\" id=\"ff_3_multi_select\" class=\"ff-el-form-control  ff_has_multi_select\" multiple=\"1\" data-name=\"multi_select\" data-max_selected_options=\"-3\" data-calc_value=\"0\"  aria-invalid=\"false\" aria-required=\"true\" aria-labelledby=\"label_ff_3_multi_select\"><option value=\"Very unlikely\"  >Very unlikely<\/option><option value=\"Unlikely\"  >Unlikely<\/option><option value=\"Neutral\"  >Neutral<\/option><option value=\"Likely\"  >Likely<\/option><option value=\"Very likely\"  >Very likely<\/option><\/select><\/div><\/div><div class='ff-el-group'><div class=\"ff-el-input--label ff-el-is-required asterisk-right\"><label for='ff_3_multi_select_2' id='label_ff_3_multi_select_2' aria-label=\"Would you book another sailing experience with us in the future?\">Would you book another sailing experience with us in the future?<\/label><\/div><div class='ff-el-input--content'><select name=\"multi_select_2[]\" id=\"ff_3_multi_select_2\" class=\"ff-el-form-control  ff_has_multi_select\" multiple=\"1\" data-name=\"multi_select_2\" data-max_selected_options=\"-3\" data-calc_value=\"0\"  aria-invalid=\"false\" aria-required=\"true\" aria-labelledby=\"label_ff_3_multi_select_2\"><option value=\"Yes, without hesitation\"  >Yes, without hesitation<\/option><option value=\"Yes, likely\"  >Yes, likely<\/option><option value=\"Maybe\"  >Maybe<\/option><option value=\"Unlikely\"  >Unlikely<\/option><option value=\"No\"  >No<\/option><\/select><\/div><\/div><div class='ff-el-group'><div class=\"ff-el-input--label asterisk-right\"><label for='ff_3_input_text_3' id='label_ff_3_input_text_3' aria-label=\"If yes, where would you like to sail next?\">If yes, where would you like to sail next?<\/label><\/div><div class='ff-el-input--content'><input type=\"text\" name=\"input_text_3\" class=\"ff-el-form-control\" data-name=\"input_text_3\" id=\"ff_3_input_text_3\"  aria-invalid=\"false\" aria-required=false><\/div><\/div><div class='ff-el-group'><div class=\"ff-el-input--label ff-el-is-required asterisk-right\"><label for='ff_3_input_text' id='label_ff_3_input_text' aria-label=\"Your experience\">Your experience<\/label><\/div><div class='ff-el-input--content'><input type=\"text\" name=\"input_text\" class=\"ff-el-form-control\" placeholder=\"How was your experience? We value your honest feedback so others can have a clear and accurate understanding of what to expect. This review will be visible on our website.\" data-name=\"input_text\" id=\"ff_3_input_text\"  aria-invalid=\"false\" aria-required=true><\/div><\/div><div class='ff-el-group'><div class=\"ff-el-input--label ff-el-is-required asterisk-right\"><label for='ff_3_input_text_2' id='label_ff_3_input_text_2' aria-label=\"What could we improve for future guests?\">What could we improve for future guests?<\/label><\/div><div class='ff-el-input--content'><input type=\"text\" name=\"input_text_2\" class=\"ff-el-form-control\" data-name=\"input_text_2\" id=\"ff_3_input_text_2\"  aria-invalid=\"false\" aria-required=true><\/div><\/div><div class='ff-el-group'><div class=\"ff-el-input--label ff-el-is-required asterisk-right\"><label   aria-label=\"I agree that my testimonial may be published on the website\">I agree that my testimonial may be published on the website<\/label><\/div><div class='ff-el-input--content'><div class='ff-el-form-check ff-el-form-check-'><label class='ff-el-form-check-label' for='checkbox_21fe43f495d4b8076c3acf084d6345f4'><input  type=\"checkbox\" name=\"checkbox[]\" data-name=\"checkbox\" class=\"ff-el-form-check-input ff-el-form-check-checkbox\" value=\"Yes\"  id='checkbox_21fe43f495d4b8076c3acf084d6345f4' aria-label='Yes' aria-invalid='false' aria-required=true> <span>Yes<\/span><\/label><\/div><\/div><\/div><div class='ff-el-group'><div class=\"ff-el-input--label asterisk-right\"><label for='ff_3_datetime' id='label_ff_3_datetime' aria-label=\"Date \/ Time\">Date \/ Time<\/label><\/div><div class='ff-el-input--content'><input  aria-label='Date \/ Time Usa las flechas para navegar por las fechas. Pulsa Intro para seleccionar una fecha.'  aria-haspopup='dialog' data-type-datepicker data-format='d\/m\/Y' type=\"text\" name=\"datetime\" id=\"ff_3_datetime\" class=\"ff-el-form-control ff-el-datepicker\" data-name=\"datetime\"  aria-invalid='false' aria-required=false><\/div><\/div><div class='ff-el-group ff-text-left ff_submit_btn_wrapper'><button type=\"submit\" class=\"ff-btn ff-btn-submit ff-btn-md ff_btn_style\"  aria-label=\"Submit Form\">Submit Form<\/button><\/div><\/fieldset><\/form><div id='fluentform_3_errors' class='ff-errors-in-stack ff_form_instance_3_1 ff-form-loading_errors ff_form_instance_3_1_errors'><\/div><\/div>            <script type=\"text\/javascript\">\n                window.fluent_form_ff_form_instance_3_1 = {\"id\":\"3\",\"settings\":{\"layout\":{\"labelPlacement\":\"top\",\"asteriskPlacement\":\"asterisk-right\",\"helpMessagePlacement\":\"with_label\",\"errorMessagePlacement\":\"inline\",\"cssClassName\":\"\"},\"restrictions\":{\"denyEmptySubmission\":{\"enabled\":false}}},\"form_instance\":\"ff_form_instance_3_1\",\"form_id_selector\":\"fluentform_3\",\"rules\":{\"names[first_name]\":{\"required\":{\"value\":false,\"message\":\"Este campo es obligatorio\",\"global_message\":\"This field is required\",\"global\":true}},\"names[middle_name]\":{\"required\":{\"value\":false,\"message\":\"Este campo es obligatorio\",\"global_message\":\"This field is required\",\"global\":true}},\"names[last_name]\":{\"required\":{\"value\":false,\"message\":\"Este campo es obligatorio\",\"global_message\":\"This field is required\",\"global\":true}},\"country-list\":{\"required\":{\"value\":true,\"message\":\"Este campo es obligatorio\",\"global_message\":\"This field is required\",\"global\":true}},\"multi_select_1\":{\"required\":{\"value\":true,\"message\":\"Este campo es obligatorio\",\"global_message\":\"This field is required\",\"global\":true}},\"input_text_1\":{\"required\":{\"value\":true,\"message\":\"Este campo es obligatorio\",\"global_message\":\"This field is required\",\"global\":true}},\"multi_select_4\":{\"required\":{\"value\":true,\"message\":\"Este campo es obligatorio\",\"global_message\":\"This field is required\",\"global\":true}},\"multi_select_3\":{\"required\":{\"value\":true,\"message\":\"Este campo es obligatorio\",\"global_message\":\"This field is required\",\"global\":true}},\"multi_select\":{\"required\":{\"value\":true,\"message\":\"Este campo es obligatorio\",\"global_message\":\"This field is required\",\"global\":true}},\"multi_select_2\":{\"required\":{\"value\":true,\"message\":\"Este campo es obligatorio\",\"global_message\":\"This field is required\",\"global\":true}},\"input_text_3\":{\"required\":{\"value\":false,\"message\":\"Este campo es obligatorio\",\"global_message\":\"This field is required\",\"global\":true}},\"input_text\":{\"required\":{\"value\":true,\"message\":\"Este campo es obligatorio\",\"global_message\":\"This field is required\",\"global\":true}},\"input_text_2\":{\"required\":{\"value\":true,\"message\":\"Este campo es obligatorio\",\"global_message\":\"This field is required\",\"global\":true}},\"checkbox\":{\"required\":{\"value\":true,\"message\":\"Este campo es obligatorio\",\"global_message\":\"This field is required\",\"global\":true}},\"datetime\":{\"required\":{\"value\":false,\"message\":\"Este campo es obligatorio\",\"global_message\":\"This field is required\",\"global\":true}}},\"debounce_time\":300};\n                            <\/script>\n            \n\n\n\n<p><\/p>\n","protected":false},"excerpt":{"rendered":"","protected":false},"author":1,"featured_media":0,"parent":0,"menu_order":0,"comment_status":"closed","ping_status":"closed","template":"","meta":{"footnotes":""},"class_list":["post-2645","page","type-page","status-publish","hentry"],"jetpack_sharing_enabled":true,"rttpg_featured_image_url":null,"rttpg_author":{"display_name":"Marlin","author_link":"https:\/\/natural-equilibrium.com\/es\/author\/josinoa\/"},"rttpg_comment":0,"rttpg_category":null,"rttpg_excerpt":null,"_links":{"self":[{"href":"https:\/\/natural-equilibrium.com\/es\/wp-json\/wp\/v2\/pages\/2645","targetHints":{"allow":["GET"]}}],"collection":[{"href":"https:\/\/natural-equilibrium.com\/es\/wp-json\/wp\/v2\/pages"}],"about":[{"href":"https:\/\/natural-equilibrium.com\/es\/wp-json\/wp\/v2\/types\/page"}],"author":[{"embeddable":true,"href":"https:\/\/natural-equilibrium.com\/es\/wp-json\/wp\/v2\/users\/1"}],"replies":[{"embeddable":true,"href":"https:\/\/natural-equilibrium.com\/es\/wp-json\/wp\/v2\/comments?post=2645"}],"version-history":[{"count":1,"href":"https:\/\/natural-equilibrium.com\/es\/wp-json\/wp\/v2\/pages\/2645\/revisions"}],"predecessor-version":[{"id":2646,"href":"https:\/\/natural-equilibrium.com\/es\/wp-json\/wp\/v2\/pages\/2645\/revisions\/2646"}],"wp:attachment":[{"href":"https:\/\/natural-equilibrium.com\/es\/wp-json\/wp\/v2\/media?parent=2645"}],"curies":[{"name":"wp","href":"https:\/\/api.w.org\/{rel}","templated":true}]}}