{"id":967,"date":"2024-02-13T22:00:52","date_gmt":"2024-02-13T21:00:52","guid":{"rendered":"https:\/\/natural-equilibrium.com\/?page_id=967"},"modified":"2026-03-26T16:43:46","modified_gmt":"2026-03-26T15:43:46","slug":"about-us","status":"publish","type":"page","link":"https:\/\/natural-equilibrium.com\/de\/about-us\/","title":{"rendered":"\u00dcber Uns"},"content":{"rendered":"<div class=\"wp-block-group alignfull is-style-default has-background has-small-font-size is-layout-flow wp-block-group-is-layout-flow\" style=\"background:linear-gradient(135deg,rgb(255,245,203) 0%,rgb(182,227,212) 41%,rgb(51,167,181) 100%);padding-top:60px;padding-bottom:60px;padding-left:0\">\n<div class=\"wp-block-group has-global-padding is-layout-constrained wp-block-group-is-layout-constrained\">\n<div class=\"wp-block-columns is-layout-flex wp-container-core-columns-is-layout-d7d455e7 wp-block-columns-is-layout-flex\" style=\"padding-top:0;padding-right:0;padding-bottom:0;padding-left:0\">\n<div class=\"wp-block-column is-vertically-aligned-top is-layout-flow wp-block-column-is-layout-flow\" style=\"flex-basis:50%\">\n<figure class=\"wp-block-image alignright size-full\"><img fetchpriority=\"high\" decoding=\"async\" width=\"313\" height=\"313\" src=\"https:\/\/natural-equilibrium.com\/wp-content\/uploads\/2024\/02\/Logo-NE-black-without-background.png\" alt=\"\" class=\"wp-image-1029\"\/><\/figure>\n<\/div>\n\n\n\n<div class=\"wp-block-column is-vertically-aligned-center is-layout-flow wp-block-column-is-layout-flow\" style=\"padding-left:var(--wp--preset--spacing--80);flex-basis:50%\">\n<h2 class=\"wp-block-heading has-text-color has-link-color has-medium-font-size wp-elements-750acd454f923e4f4be0fb2394926754\" style=\"color:#0cc0df\">WER WIR SIND<\/h2>\n\n\n\n<p style=\"font-size:14px;font-style:normal;font-weight:400;letter-spacing:1px\">NATURAL EQUILIBRIUM ist ein gemeinn\u00fctziger Verein mit dem Ziel einen ausgeglichenen Lebensstil zwischen Menschen und Natur zu f\u00f6rdern.<br><br><\/p>\n<\/div>\n<\/div>\n<\/div>\n<\/div>\n\n\n\n<div class=\"wp-block-group has-global-padding is-layout-constrained wp-block-group-is-layout-constrained\">\n<div class=\"wp-block-group is-layout-flow wp-block-group-is-layout-flow\">\n<div style=\"height:66px\" aria-hidden=\"true\" class=\"wp-block-spacer\"><\/div>\n\n\n\n<h2 class=\"wp-block-heading has-text-align-center has-large-font-size\">UNSERE GRUNDS\u00c4TZE<\/h2>\n\n\n\n<div style=\"height:30px\" aria-hidden=\"true\" class=\"wp-block-spacer\"><\/div>\n\n\n\n<hr class=\"wp-block-separator has-alpha-channel-opacity\"\/>\n\n\n\n<ul class=\"wp-block-list\">\n<li style=\"font-size:14px;font-style:normal;font-weight:400;letter-spacing:1px\">Wir glauben, dass ein Leben im Einklang mit der Natur der Schl\u00fcssel zu einem ausgeglichenen Geist und K\u00f6rper ist.<\/li>\n\n\n\n<li style=\"font-size:14px;font-style:normal;font-weight:400;letter-spacing:1px\">Wir sind der Meinung, dass die F\u00f6rderung der k\u00f6rperlichen Gesundheit und der sozialen Kontakt f\u00fcr die Erreichung dieses nat\u00fcrlichen Gleichgewichts unerl\u00e4sslich ist.<\/li>\n\n\n\n<li style=\"font-size:14px;font-style:normal;font-weight:400;letter-spacing:1px\">Wir sind davon \u00fcberzeugt, dass die Erhaltung der Umwelt und der Kontakt mit der Natur einen positiven Einfluss auf das Wohlbefinden des Menschen haben.<\/li>\n\n\n\n<li style=\"font-size:14px;font-style:normal;font-weight:400;letter-spacing:1px\">Die F\u00f6rderung eines nachhaltigen und umweltfreundlichen Lebensstils ist f\u00fcr uns alle wichtig<\/li>\n<\/ul>\n\n\n\n<hr class=\"wp-block-separator has-alpha-channel-opacity\"\/>\n\n\n\n<h2 class=\"wp-block-heading has-text-align-center has-large-font-size\">UNSER ZIEL<\/h2>\n\n\n\n<div style=\"height:30px\" aria-hidden=\"true\" class=\"wp-block-spacer\"><\/div>\n\n\n\n<p style=\"font-size:14px;font-style:normal;font-weight:400;letter-spacing:1px\">Unser Ziel ist es, eine Lebensweise im Einklang mit der Natur zu f\u00f6rdern und ein nachhaltiges und umweltfreundliches Bewusstsein zu verbreiten.<br>Um diesen Ziel zu verfolgen, f\u00fchren wir verschiedene Projekte durch, die sich auf folgenden Themen konzentrieren:<\/p>\n\n\n\n<div style=\"height:30px\" aria-hidden=\"true\" class=\"wp-block-spacer\"><\/div>\n\n\n\n<ul class=\"wp-block-list\">\n<li style=\"font-size:14px;font-style:normal;font-weight:400;letter-spacing:1px\">Nachhaltige Aktivit\u00e4ten und Sport<\/li>\n\n\n\n<li style=\"font-size:14px;font-style:normal;font-weight:400;letter-spacing:1px\">Interkultureller Kontakt mit verschiedenen Gemeinschaften und deren Wahrnehmung<\/li>\n\n\n\n<li style=\"font-size:14px;font-style:normal;font-weight:400;letter-spacing:1px\">Umweltschutz<\/li>\n\n\n\n<li style=\"font-size:14px;font-style:normal;font-weight:400;letter-spacing:1px\">Musik, Kulturen und T\u00e4nze<\/li>\n<\/ul>\n\n\n\n<div style=\"height:66px\" aria-hidden=\"true\" class=\"wp-block-spacer\"><\/div>\n\n\n\n<p class=\"has-text-align-center has-text-color has-medium-font-size\" style=\"color:#0cc0df\"><strong>WAS MACHEN WIR<\/strong><\/p>\n\n\n\n<h2 class=\"wp-block-heading has-text-align-center has-large-font-size\">PROJEKTE<\/h2>\n\n\n\n<div class=\"wp-block-columns is-layout-flex wp-container-core-columns-is-layout-28f84493 wp-block-columns-is-layout-flex\">\n<div class=\"wp-block-column is-style-default is-layout-flow wp-block-column-is-layout-flow\" style=\"border-style:none;border-width:0px;padding-top:0;padding-right:0;padding-bottom:0;padding-left:0\">\n<div class=\"wp-block-columns is-layout-flex wp-container-core-columns-is-layout-28f84493 wp-block-columns-is-layout-flex\">\n<div class=\"wp-block-column is-layout-flow wp-block-column-is-layout-flow\" style=\"flex-basis:100%\">\n<figure class=\"wp-block-image size-large is-style-default\"><img decoding=\"async\" width=\"1024\" height=\"768\" src=\"https:\/\/natural-equilibrium.com\/wp-content\/uploads\/2024\/02\/IMG_0346-1024x768.jpeg\" alt=\"\" class=\"wp-image-1093\" style=\"aspect-ratio:1;object-fit:cover\"\/><\/figure>\n<\/div>\n<\/div>\n\n\n\n<h2 class=\"wp-block-heading has-medium-font-size\">SAILING MARLIN <\/h2>\n\n\n\n<p style=\"font-size:14px;font-style:normal;font-weight:400;letter-spacing:1px\">Entdecke eine andere Lebensweise an Bord eines Segelboots in enger Verbindung und im Einklang mit der Natur.<\/p>\n\n\n\n<p><a href=\"https:\/\/natural-equilibrium.com\/de\/sailing-marlin\/\">Erfahre mehr<\/a><\/p>\n<\/div>\n\n\n\n<div class=\"wp-block-column is-style-default is-layout-flow wp-block-column-is-layout-flow\" style=\"border-style:none;border-width:0px;padding-top:0;padding-right:0;padding-bottom:0;padding-left:0\">\n<div class=\"wp-block-columns is-layout-flex wp-container-core-columns-is-layout-28f84493 wp-block-columns-is-layout-flex\">\n<div class=\"wp-block-column is-layout-flow wp-block-column-is-layout-flow\" style=\"flex-basis:100%\">\n<figure class=\"wp-block-image size-large is-style-default\"><img decoding=\"async\" width=\"768\" height=\"1024\" src=\"https:\/\/natural-equilibrium.com\/wp-content\/uploads\/2024\/02\/IMG_0050-768x1024.jpeg\" alt=\"\" class=\"wp-image-1100\" style=\"aspect-ratio:1;object-fit:cover\"\/><\/figure>\n<\/div>\n<\/div>\n\n\n\n<h2 class=\"wp-block-heading has-medium-font-size\">UMWELT AKTIONEN<\/h2>\n\n\n\n<p style=\"font-size:14px;font-style:normal;font-weight:400;letter-spacing:1px\">NATURAL EQUILIBRIUM organisiert verschiedene Umweltaktionen, um die Natur zu sch\u00fctzen und zu erhalten. M\u00f6chtest Du wissen wie?<\/p>\n\n\n\n<p><a href=\"https:\/\/natural-equilibrium.com\/de\/environmental-actions\/\">Erfahre mehr<\/a><\/p>\n<\/div>\n<\/div>\n\n\n\n<div style=\"height:66px\" aria-hidden=\"true\" class=\"wp-block-spacer\"><\/div>\n<\/div>\n<\/div>\n\n\n\n<div id=\"team\" class=\"wp-block-group has-global-padding is-layout-constrained wp-block-group-is-layout-constrained\">\n<div class=\"wp-block-group is-layout-flow wp-block-group-is-layout-flow\">\n<h2 class=\"wp-block-heading has-max-48-font-size\">Die Gr\u00fcnder<\/h2>\n\n\n\n<div style=\"height:47px\" aria-hidden=\"true\" class=\"wp-block-spacer\"><\/div>\n\n\n\n<div style=\"height:0px\" aria-hidden=\"true\" class=\"wp-block-spacer\"><\/div>\n\n\n\n<div class=\"wp-block-columns is-layout-flex wp-container-core-columns-is-layout-28f84493 wp-block-columns-is-layout-flex\">\n<div class=\"wp-block-column is-style-default is-layout-flow wp-block-column-is-layout-flow\" style=\"border-style:none;border-width:0px;padding-top:0;padding-right:0;padding-bottom:0;padding-left:0\">\n<figure class=\"wp-block-image size-full is-style-default\"><img loading=\"lazy\" decoding=\"async\" width=\"720\" height=\"1280\" src=\"https:\/\/natural-equilibrium.com\/wp-content\/uploads\/2025\/07\/photo_2025-07-11_16-53-05-1.jpg\" alt=\"\" class=\"wp-image-2075\"\/><\/figure>\n\n\n\n<h2 class=\"wp-block-heading\">Noa Posada<\/h2>\n\n\n\n<ul class=\"wp-block-list\">\n<li style=\"font-size:14px;font-style:normal;font-weight:400;letter-spacing:1px\">Organisation<\/li>\n\n\n\n<li style=\"font-size:14px;font-style:normal;font-weight:400;letter-spacing:1px\">Marketing<\/li>\n\n\n\n<li style=\"font-size:14px;font-style:normal;font-weight:400;letter-spacing:1px\">Design<\/li>\n<\/ul>\n<\/div>\n\n\n\n<div class=\"wp-block-column is-style-default is-layout-flow wp-block-column-is-layout-flow\" style=\"border-style:none;border-width:0px;padding-top:0;padding-right:0;padding-bottom:0;padding-left:0\">\n<figure class=\"wp-block-image size-full is-style-default\"><img loading=\"lazy\" decoding=\"async\" width=\"720\" height=\"1280\" src=\"https:\/\/natural-equilibrium.com\/wp-content\/uploads\/2025\/07\/photo_2025-07-11_16-53-08-2.jpg\" alt=\"\" class=\"wp-image-2076\"\/><\/figure>\n\n\n\n<h2 class=\"wp-block-heading\">Joseph Baumgartner<\/h2>\n\n\n\n<ul class=\"wp-block-list\">\n<li style=\"font-size:14px;font-style:normal;font-weight:400;letter-spacing:1px\">Organisation<\/li>\n\n\n\n<li style=\"font-size:14px;font-style:normal;font-weight:400;letter-spacing:1px\">Projekte<\/li>\n\n\n\n<li style=\"font-size:14px;font-style:normal;font-weight:400;letter-spacing:1px\">Verwaltung<\/li>\n<\/ul>\n<\/div>\n<\/div>\n\n\n\n<h2 class=\"wp-block-heading has-max-48-font-size\">Kontakt <\/h2>\n\n\n\n<div style=\"height:30px\" aria-hidden=\"true\" class=\"wp-block-spacer\"><\/div>\n\n\n\n<p style=\"font-size:14px;font-style:normal;font-weight:400;letter-spacing:1px\"><strong>NATURAL EQUILIBRIUM<\/strong><br>E-Mail: info@natural-equilibrium.com<br>Registernummer: 1604662942<br><br>IBAN: BE36 9677 5957 0081<br>BIC: TREWIBEB1XXX<\/p>\n<\/div>\n<\/div>\n\n\n\n<div class=\"wp-block-group has-global-padding is-layout-constrained wp-block-group-is-layout-constrained\">\n<div class=\"wp-block-group alignwide has-global-padding is-layout-constrained wp-block-group-is-layout-constrained\">\n<div style=\"height:39px;width:0px\" aria-hidden=\"true\" class=\"wp-block-spacer\"><\/div>\n\n\n\n<hr class=\"wp-block-separator has-text-color has-lightgrey-color has-alpha-channel-opacity has-lightgrey-background-color has-background is-style-wide\"\/>\n\n\n\n<div class=\"wp-block-columns alignfull has-background is-layout-flex wp-container-core-columns-is-layout-4ed999c3 wp-block-columns-is-layout-flex\" style=\"background-color:#0cc0df;padding-top:var(--wp--preset--spacing--60);padding-bottom:var(--wp--preset--spacing--60);padding-left:0\">\n<div class=\"wp-block-column is-vertically-aligned-center has-large-font-size has-global-padding is-content-justification-left is-layout-constrained wp-container-core-column-is-layout-12dd3699 wp-block-column-is-layout-constrained\" style=\"flex-basis:100%\">\n<p class=\"has-text-align-center\" style=\"font-size:clamp(16.293px, 1.018rem + ((1vw - 3.2px) * 0.907), 25px);letter-spacing:1px\"><strong>M\u00f6chtest Du dich uns anschlie\u00dfen?<\/strong><\/p>\n\n\n\n<p class=\"has-text-align-center\" style=\"font-size:14px;font-style:normal;font-weight:400;letter-spacing:1px\">Informiere Dich \u00fcber Mitgliedschafts- und Kooperationsm\u00f6glichkeiten<\/p>\n<\/div>\n\n\n\n<div class=\"wp-block-column is-vertically-aligned-center is-layout-flow wp-block-column-is-layout-flow\" style=\"flex-basis:50%\">\n<div class=\"wp-block-buttons is-horizontal is-content-justification-center is-layout-flex wp-container-core-buttons-is-layout-ecd33c62 wp-block-buttons-is-layout-flex\">\n<div class=\"wp-block-button has-custom-width wp-block-button__width-75\"><a class=\"wp-block-button__link has-primary-background-color has-background has-text-align-center wp-element-button\" href=\"https:\/\/natural-equilibrium.com\/de\/join-support-us\/\">Sei dabei<\/a><\/div>\n<\/div>\n<\/div>\n<\/div>\n<\/div>\n<\/div>\n\n\n\n<div class=\"wp-block-group alignfull has-black-background-color has-background has-global-padding is-layout-constrained wp-block-group-is-layout-constrained\">\n<div style=\"height:16px\" aria-hidden=\"true\" class=\"wp-block-spacer\"><\/div>\n\n\n\n<ul class=\"wp-block-social-links has-huge-icon-size is-style-logos-only is-content-justification-center is-layout-flex wp-container-core-social-links-is-layout-a89b3969 wp-block-social-links-is-layout-flex\"><li class=\"wp-social-link wp-social-link-instagram  wp-block-social-link\"><a href=\"https:\/\/www.instagram.com\/sailing.marlin\/\" class=\"wp-block-social-link-anchor\"><svg width=\"24\" height=\"24\" viewbox=\"0 0 24 24\" version=\"1.1\" xmlns=\"http:\/\/www.w3.org\/2000\/svg\" aria-hidden=\"true\" focusable=\"false\"><path d=\"M12,4.622c2.403,0,2.688,0.009,3.637,0.052c0.877,0.04,1.354,0.187,1.671,0.31c0.42,0.163,0.72,0.358,1.035,0.673 c0.315,0.315,0.51,0.615,0.673,1.035c0.123,0.317,0.27,0.794,0.31,1.671c0.043,0.949,0.052,1.234,0.052,3.637 s-0.009,2.688-0.052,3.637c-0.04,0.877-0.187,1.354-0.31,1.671c-0.163,0.42-0.358,0.72-0.673,1.035 c-0.315,0.315-0.615,0.51-1.035,0.673c-0.317,0.123-0.794,0.27-1.671,0.31c-0.949,0.043-1.233,0.052-3.637,0.052 s-2.688-0.009-3.637-0.052c-0.877-0.04-1.354-0.187-1.671-0.31c-0.42-0.163-0.72-0.358-1.035-0.673 c-0.315-0.315-0.51-0.615-0.673-1.035c-0.123-0.317-0.27-0.794-0.31-1.671C4.631,14.688,4.622,14.403,4.622,12 s0.009-2.688,0.052-3.637c0.04-0.877,0.187-1.354,0.31-1.671c0.163-0.42,0.358-0.72,0.673-1.035 c0.315-0.315,0.615-0.51,1.035-0.673c0.317-0.123,0.794-0.27,1.671-0.31C9.312,4.631,9.597,4.622,12,4.622 M12,3 C9.556,3,9.249,3.01,8.289,3.054C7.331,3.098,6.677,3.25,6.105,3.472C5.513,3.702,5.011,4.01,4.511,4.511 c-0.5,0.5-0.808,1.002-1.038,1.594C3.25,6.677,3.098,7.331,3.054,8.289C3.01,9.249,3,9.556,3,12c0,2.444,0.01,2.751,0.054,3.711 c0.044,0.958,0.196,1.612,0.418,2.185c0.23,0.592,0.538,1.094,1.038,1.594c0.5,0.5,1.002,0.808,1.594,1.038 c0.572,0.222,1.227,0.375,2.185,0.418C9.249,20.99,9.556,21,12,21s2.751-0.01,3.711-0.054c0.958-0.044,1.612-0.196,2.185-0.418 c0.592-0.23,1.094-0.538,1.594-1.038c0.5-0.5,0.808-1.002,1.038-1.594c0.222-0.572,0.375-1.227,0.418-2.185 C20.99,14.751,21,14.444,21,12s-0.01-2.751-0.054-3.711c-0.044-0.958-0.196-1.612-0.418-2.185c-0.23-0.592-0.538-1.094-1.038-1.594 c-0.5-0.5-1.002-0.808-1.594-1.038c-0.572-0.222-1.227-0.375-2.185-0.418C14.751,3.01,14.444,3,12,3L12,3z M12,7.378 c-2.552,0-4.622,2.069-4.622,4.622S9.448,16.622,12,16.622s4.622-2.069,4.622-4.622S14.552,7.378,12,7.378z M12,15 c-1.657,0-3-1.343-3-3s1.343-3,3-3s3,1.343,3,3S13.657,15,12,15z M16.804,6.116c-0.596,0-1.08,0.484-1.08,1.08 s0.484,1.08,1.08,1.08c0.596,0,1.08-0.484,1.08-1.08S17.401,6.116,16.804,6.116z\"><\/path><\/svg><span class=\"wp-block-social-link-label screen-reader-text\">Instagram<\/span><\/a><\/li>\n\n<li class=\"wp-social-link wp-social-link-youtube  wp-block-social-link\"><a href=\"https:\/\/www.youtube.com\/@NATEQU\" class=\"wp-block-social-link-anchor\"><svg width=\"24\" height=\"24\" viewbox=\"0 0 24 24\" version=\"1.1\" xmlns=\"http:\/\/www.w3.org\/2000\/svg\" aria-hidden=\"true\" focusable=\"false\"><path d=\"M21.8,8.001c0,0-0.195-1.378-0.795-1.985c-0.76-0.797-1.613-0.801-2.004-0.847c-2.799-0.202-6.997-0.202-6.997-0.202 h-0.009c0,0-4.198,0-6.997,0.202C4.608,5.216,3.756,5.22,2.995,6.016C2.395,6.623,2.2,8.001,2.2,8.001S2,9.62,2,11.238v1.517 c0,1.618,0.2,3.237,0.2,3.237s0.195,1.378,0.795,1.985c0.761,0.797,1.76,0.771,2.205,0.855c1.6,0.153,6.8,0.201,6.8,0.201 s4.203-0.006,7.001-0.209c0.391-0.047,1.243-0.051,2.004-0.847c0.6-0.607,0.795-1.985,0.795-1.985s0.2-1.618,0.2-3.237v-1.517 C22,9.62,21.8,8.001,21.8,8.001z M9.935,14.594l-0.001-5.62l5.404,2.82L9.935,14.594z\"><\/path><\/svg><span class=\"wp-block-social-link-label screen-reader-text\">YouTube<\/span><\/a><\/li><\/ul>\n\n\n\n<div style=\"height:29px\" aria-hidden=\"true\" class=\"wp-block-spacer\"><\/div>\n\n\n\n<div class=\"wp-block-group is-layout-flow wp-block-group-is-layout-flow\" style=\"font-size:clamp(14px, 0.875rem + ((1vw - 3.2px) * 0.313), 17px);\">\n<div class=\"wp-block-buttons alignfull has-custom-font-size is-content-justification-center is-layout-flex wp-container-core-buttons-is-layout-a89b3969 wp-block-buttons-is-layout-flex\" style=\"font-size:clamp(14px, 0.875rem + ((1vw - 3.2px) * 0.104), 15px);\">\n<div class=\"wp-block-button\"><a class=\"wp-block-button__link wp-element-button\" href=\"https:\/\/natural-equilibrium.com\/de\/projects\/\">PROJEKTE<\/a><\/div>\n\n\n\n<div class=\"wp-block-button\"><a class=\"wp-block-button__link wp-element-button\" href=\"https:\/\/natural-equilibrium.com\/de\/join-support-us\/\">SEI DABEI<\/a><\/div>\n<\/div>\n<\/div>\n\n\n\n<p class=\"has-text-align-right has-white-color has-text-color has-link-color wp-elements-75480f8f215dd073c9c603fbbfc45501\" style=\"font-size:14px;font-style:normal;font-weight:400;letter-spacing:1px\"><a href=\"https:\/\/natural-equilibrium.com\/de\/impressum\/\" data-type=\"link\" data-id=\"https:\/\/natural-equilibrium.com\/impressum\/\">Impressum<\/a><\/p>\n\n\n\n<div style=\"height:48px\" aria-hidden=\"true\" class=\"wp-block-spacer\"><\/div>\n<\/div>","protected":false},"excerpt":{"rendered":"<p>WHO WE ARE NATURAL EQUILIBRIUM is a non-profit association based in Austria, which was founded to promote a balanced life in harmony with Nature. OUR PRINCIPLES OUR MISSION Our mission is to advocate for a way of life in harmony with Nature and to spread a sustainable and environmentally friendly consciousness.To follow this mission, various &hellip; <\/p>\n<p class=\"link-more\"><a href=\"https:\/\/natural-equilibrium.com\/de\/about-us\/\" class=\"more-link\">Mehr <span class=\"screen-reader-text\">\u00fcber &#8220;About Us&#8221; <\/span>Lesen<\/a><\/p>","protected":false},"author":1,"featured_media":0,"parent":0,"menu_order":0,"comment_status":"closed","ping_status":"closed","template":"","meta":{"footnotes":""},"class_list":["post-967","page","type-page","status-publish","hentry"],"jetpack_sharing_enabled":true,"rttpg_featured_image_url":null,"rttpg_author":{"display_name":"Marlin","author_link":"https:\/\/natural-equilibrium.com\/de\/author\/josinoa\/"},"rttpg_comment":0,"rttpg_category":null,"rttpg_excerpt":"WHO WE ARE NATURAL EQUILIBRIUM is a non-profit association based in Austria, which was founded to promote a balanced life in harmony with Nature. OUR PRINCIPLES OUR MISSION Our mission is to advocate for a way of life in harmony with Nature and to spread a sustainable and environmentally friendly consciousness.To follow this mission, various&hellip;","_links":{"self":[{"href":"https:\/\/natural-equilibrium.com\/de\/wp-json\/wp\/v2\/pages\/967","targetHints":{"allow":["GET"]}}],"collection":[{"href":"https:\/\/natural-equilibrium.com\/de\/wp-json\/wp\/v2\/pages"}],"about":[{"href":"https:\/\/natural-equilibrium.com\/de\/wp-json\/wp\/v2\/types\/page"}],"author":[{"embeddable":true,"href":"https:\/\/natural-equilibrium.com\/de\/wp-json\/wp\/v2\/users\/1"}],"replies":[{"embeddable":true,"href":"https:\/\/natural-equilibrium.com\/de\/wp-json\/wp\/v2\/comments?post=967"}],"version-history":[{"count":93,"href":"https:\/\/natural-equilibrium.com\/de\/wp-json\/wp\/v2\/pages\/967\/revisions"}],"predecessor-version":[{"id":2729,"href":"https:\/\/natural-equilibrium.com\/de\/wp-json\/wp\/v2\/pages\/967\/revisions\/2729"}],"wp:attachment":[{"href":"https:\/\/natural-equilibrium.com\/de\/wp-json\/wp\/v2\/media?parent=967"}],"curies":[{"name":"wp","href":"https:\/\/api.w.org\/{rel}","templated":true}]}}