{"id":871,"date":"2024-02-13T22:02:01","date_gmt":"2024-02-13T21:02:01","guid":{"rendered":"https:\/\/natural-equilibrium.com\/?page_id=871"},"modified":"2024-04-28T21:38:52","modified_gmt":"2024-04-28T19:38:52","slug":"crew","status":"publish","type":"page","link":"https:\/\/natural-equilibrium.com\/de\/crew\/","title":{"rendered":"TEAM"},"content":{"rendered":"<div class=\"wp-block-group has-global-padding is-layout-constrained wp-block-group-is-layout-constrained\">\n<div class=\"wp-block-columns is-layout-flex wp-container-core-columns-is-layout-28f84493 wp-block-columns-is-layout-flex\">\n<div class=\"wp-block-column is-layout-flow wp-block-column-is-layout-flow\" style=\"flex-basis:100%\">\n<div class=\"wp-block-group is-layout-flow wp-block-group-is-layout-flow\">\n<div style=\"height:57px\" aria-hidden=\"true\" class=\"wp-block-spacer\"><\/div>\n\n\n\n<h3 class=\"wp-block-heading has-text-align-center has-medium-font-size\" style=\"letter-spacing:1px\">WIR SIND NATURLIEBHABER<\/h3>\n\n\n\n<div style=\"height:30px\" aria-hidden=\"true\" class=\"wp-block-spacer\"><\/div>\n\n\n\n<p class=\"has-text-align-center\" style=\"font-size:14px;font-style:normal;font-weight:400;letter-spacing:1px\">Wir beide lieben es, die Natur und neue Kulturen zu erkunden. Wir sind neugierig auf das Unbekannte und haben die Flexibilit\u00e4t und den Mut unsere Komfortzone zu verlassen.\nWir sind auf der Suche nach neuen Herausforderungen und unterschiedlichen Lebensweisen im Kontakt mit der Natur. Wir glauben fest daran, dass es im Leben auf Qualit\u00e4t und nicht auf Quantit\u00e4t ankommt.<\/p>\n\n\n\n<p class=\"has-text-align-center\" style=\"font-size:14px;font-style:normal;font-weight:400;letter-spacing:1px\">In den letzten 10 Jahren haben wir bereits gemeinsam einige Rucksack- und Van-Reisen gemacht. Das n\u00e4chste Abenteuer wird das Segeln sein.<\/p>\n\n\n\n<div style=\"height:57px\" aria-hidden=\"true\" class=\"wp-block-spacer\"><\/div>\n<\/div>\n<\/div>\n<\/div>\n<\/div>\n\n\n\n<div class=\"wp-block-group alignfull has-background has-global-padding is-layout-constrained wp-block-group-is-layout-constrained\" style=\"background-color:#e5e9ec\">\n<div class=\"wp-block-group has-global-padding is-layout-constrained wp-block-group-is-layout-constrained\" style=\"padding-top:var(--wp--preset--spacing--small);padding-bottom:var(--wp--preset--spacing--small)\">\n<div style=\"height:30px\" aria-hidden=\"true\" class=\"wp-block-spacer\"><\/div>\n\n\n\n<div class=\"wp-block-columns is-layout-flex wp-container-core-columns-is-layout-28f84493 wp-block-columns-is-layout-flex\">\n<div class=\"wp-block-column is-vertically-aligned-center is-layout-flow wp-block-column-is-layout-flow\">\n<figure class=\"wp-block-image size-large\"><img fetchpriority=\"high\" decoding=\"async\" width=\"1024\" height=\"769\" src=\"https:\/\/natural-equilibrium.com\/wp-content\/uploads\/2024\/02\/IMG-20200731-WA0013-1024x769.jpg\" alt=\"\" class=\"wp-image-875\"\/><\/figure>\n<\/div>\n\n\n\n<div class=\"wp-block-column is-layout-flow wp-block-column-is-layout-flow\">\n<h2 class=\"wp-block-heading has-text-align-center\">NOA<\/h2>\n\n\n\n<p class=\"has-text-align-center\" style=\"font-size:14px;font-style:normal;font-weight:400;letter-spacing:1px\">Ich komme aus Galicien (Spanien), einer der Regionen mit den wildesten und aufregendsten Meeren. Seit meiner Kindheit liebe ich es, neue Orte und Menschen aus aller Welt kennenzulernen. Bereits in jungen Jahren verbrachte ich jeden Sommer mit meiner Familie in einem Wohnmobil. Meine Leidenschaft ist das Tanzen. Wenn ich mich nicht gerade zu einem Bachata bewege, genie\u00dfe ich meine freie Zeit am liebsten in der Natur. Ich habe nur sehr wenig Segelerfahrung und wei\u00df, dass auch deshalb diese Reise besonders aufregend wird.<\/p>\n\n\n\n<p><\/p>\n<\/div>\n<\/div>\n<\/div>\n<\/div>\n\n\n\n<div class=\"wp-block-group alignfull has-global-padding is-layout-constrained wp-block-group-is-layout-constrained\">\n<div class=\"wp-block-group has-global-padding is-layout-constrained wp-block-group-is-layout-constrained\" style=\"padding-top:var(--wp--preset--spacing--small);padding-bottom:var(--wp--preset--spacing--small)\">\n<div style=\"height:30px\" aria-hidden=\"true\" class=\"wp-block-spacer\"><\/div>\n\n\n\n<div class=\"wp-block-columns are-vertically-aligned-center is-layout-flex wp-container-core-columns-is-layout-28f84493 wp-block-columns-is-layout-flex\">\n<div class=\"wp-block-column is-vertically-aligned-center is-layout-flow wp-block-column-is-layout-flow\">\n<h2 class=\"wp-block-heading has-text-align-center\">JOSEPH<\/h2>\n\n\n\n<p class=\"has-text-align-center\" style=\"font-size:14px;font-style:normal;font-weight:400;letter-spacing:1px\">Ich komme aus einer bayerischen Region in Deutschland und habe meine Leidenschaft f\u00fcr das Segeln bereits in der Kindheit entdeckt. Mein technisches Interesse f\u00fchrte dazu, dass ich mit 16 Jahren mein eigenes Boot entwarf und baute. Ein paar Jahre sp\u00e4ter wurde ich Mitglied im \u201cSailing Team Germany\u201d, um dort als Boat Captain und Segler einer 50-Fu\u00df-Yacht an nationalen und internationalen Regatten mit gro\u00dfem Erfolg teilzunehmen. Das Drau\u00dfensein und die Naturverbundenheit ist mein Schl\u00fcssel zu einem ausgeglichenen k\u00f6rperlichen und geistigen Wohlbefinden.<\/p>\n<\/div>\n\n\n\n<div class=\"wp-block-column is-vertically-aligned-center is-layout-flow wp-block-column-is-layout-flow\">\n<figure class=\"wp-block-image size-full\"><img decoding=\"async\" width=\"744\" height=\"777\" src=\"https:\/\/natural-equilibrium.com\/wp-content\/uploads\/2024\/02\/jo-1.jpg\" alt=\"\" class=\"wp-image-929\"\/><\/figure>\n<\/div>\n<\/div>\n<\/div>\n<\/div>\n\n\n\n<div class=\"wp-block-group alignfull has-black-background-color has-background has-global-padding is-layout-constrained wp-block-group-is-layout-constrained\" style=\"padding-top:var(--wp--preset--spacing--medium);padding-bottom:var(--wp--preset--spacing--medium)\">\n<div style=\"height:64px\" aria-hidden=\"true\" class=\"wp-block-spacer\"><\/div>\n\n\n\n<h2 class=\"wp-block-heading has-text-align-center has-white-color has-text-color\"><strong>Galerie<\/strong><\/h2>\n\n\n\n<figure class=\"wp-block-gallery has-nested-images columns-default is-cropped wp-block-gallery-1 is-layout-flex wp-block-gallery-is-layout-flex\">\n<figure class=\"wp-block-image size-full\"><img decoding=\"async\" width=\"1920\" height=\"2560\" data-id=\"879\" src=\"https:\/\/natural-equilibrium.com\/wp-content\/uploads\/2024\/02\/IMG_1962-scaled.jpg\" alt=\"\" class=\"wp-image-879\"\/><\/figure>\n\n\n\n<figure class=\"wp-block-image size-large\"><img loading=\"lazy\" decoding=\"async\" width=\"768\" height=\"1024\" data-id=\"748\" src=\"https:\/\/natural-equilibrium.com\/wp-content\/uploads\/2024\/02\/IMG_3128-768x1024.jpg\" alt=\"\" class=\"wp-image-748\"\/><\/figure>\n\n\n\n<figure class=\"wp-block-image size-large\"><img loading=\"lazy\" decoding=\"async\" width=\"1024\" height=\"768\" data-id=\"890\" src=\"https:\/\/natural-equilibrium.com\/wp-content\/uploads\/2024\/02\/IMG_2444-1024x768.jpg\" alt=\"\" class=\"wp-image-890\"\/><\/figure>\n\n\n\n<figure class=\"wp-block-image size-large\"><img loading=\"lazy\" decoding=\"async\" width=\"768\" height=\"1024\" data-id=\"895\" src=\"https:\/\/natural-equilibrium.com\/wp-content\/uploads\/2024\/02\/IMG_2916-768x1024.jpg\" alt=\"\" class=\"wp-image-895\"\/><\/figure>\n\n\n\n<figure class=\"wp-block-image size-large\"><img loading=\"lazy\" decoding=\"async\" width=\"768\" height=\"1024\" data-id=\"894\" src=\"https:\/\/natural-equilibrium.com\/wp-content\/uploads\/2024\/02\/IMG_2951-768x1024.jpg\" alt=\"\" class=\"wp-image-894\"\/><\/figure>\n\n\n\n<figure class=\"wp-block-image size-large\"><img loading=\"lazy\" decoding=\"async\" width=\"1024\" height=\"768\" data-id=\"888\" src=\"https:\/\/natural-equilibrium.com\/wp-content\/uploads\/2024\/02\/IMG_2322-1024x768.jpg\" alt=\"\" class=\"wp-image-888\"\/><\/figure>\n<\/figure>\n\n\n\n<div style=\"height:64px\" aria-hidden=\"true\" class=\"wp-block-spacer\"><\/div>\n<\/div>\n\n\n\n<div class=\"wp-block-group alignfull has-black-background-color has-background has-global-padding is-layout-constrained wp-block-group-is-layout-constrained\">\n<div style=\"height:16px\" aria-hidden=\"true\" class=\"wp-block-spacer\"><\/div>\n\n\n\n<ul class=\"wp-block-social-links has-huge-icon-size is-style-logos-only is-content-justification-center is-layout-flex wp-container-core-social-links-is-layout-a89b3969 wp-block-social-links-is-layout-flex\"><li class=\"wp-social-link wp-social-link-instagram  wp-block-social-link\"><a href=\"https:\/\/www.instagram.com\/sailing.marlin\/\" class=\"wp-block-social-link-anchor\"><svg width=\"24\" height=\"24\" viewbox=\"0 0 24 24\" version=\"1.1\" xmlns=\"http:\/\/www.w3.org\/2000\/svg\" aria-hidden=\"true\" focusable=\"false\"><path d=\"M12,4.622c2.403,0,2.688,0.009,3.637,0.052c0.877,0.04,1.354,0.187,1.671,0.31c0.42,0.163,0.72,0.358,1.035,0.673 c0.315,0.315,0.51,0.615,0.673,1.035c0.123,0.317,0.27,0.794,0.31,1.671c0.043,0.949,0.052,1.234,0.052,3.637 s-0.009,2.688-0.052,3.637c-0.04,0.877-0.187,1.354-0.31,1.671c-0.163,0.42-0.358,0.72-0.673,1.035 c-0.315,0.315-0.615,0.51-1.035,0.673c-0.317,0.123-0.794,0.27-1.671,0.31c-0.949,0.043-1.233,0.052-3.637,0.052 s-2.688-0.009-3.637-0.052c-0.877-0.04-1.354-0.187-1.671-0.31c-0.42-0.163-0.72-0.358-1.035-0.673 c-0.315-0.315-0.51-0.615-0.673-1.035c-0.123-0.317-0.27-0.794-0.31-1.671C4.631,14.688,4.622,14.403,4.622,12 s0.009-2.688,0.052-3.637c0.04-0.877,0.187-1.354,0.31-1.671c0.163-0.42,0.358-0.72,0.673-1.035 c0.315-0.315,0.615-0.51,1.035-0.673c0.317-0.123,0.794-0.27,1.671-0.31C9.312,4.631,9.597,4.622,12,4.622 M12,3 C9.556,3,9.249,3.01,8.289,3.054C7.331,3.098,6.677,3.25,6.105,3.472C5.513,3.702,5.011,4.01,4.511,4.511 c-0.5,0.5-0.808,1.002-1.038,1.594C3.25,6.677,3.098,7.331,3.054,8.289C3.01,9.249,3,9.556,3,12c0,2.444,0.01,2.751,0.054,3.711 c0.044,0.958,0.196,1.612,0.418,2.185c0.23,0.592,0.538,1.094,1.038,1.594c0.5,0.5,1.002,0.808,1.594,1.038 c0.572,0.222,1.227,0.375,2.185,0.418C9.249,20.99,9.556,21,12,21s2.751-0.01,3.711-0.054c0.958-0.044,1.612-0.196,2.185-0.418 c0.592-0.23,1.094-0.538,1.594-1.038c0.5-0.5,0.808-1.002,1.038-1.594c0.222-0.572,0.375-1.227,0.418-2.185 C20.99,14.751,21,14.444,21,12s-0.01-2.751-0.054-3.711c-0.044-0.958-0.196-1.612-0.418-2.185c-0.23-0.592-0.538-1.094-1.038-1.594 c-0.5-0.5-1.002-0.808-1.594-1.038c-0.572-0.222-1.227-0.375-2.185-0.418C14.751,3.01,14.444,3,12,3L12,3z M12,7.378 c-2.552,0-4.622,2.069-4.622,4.622S9.448,16.622,12,16.622s4.622-2.069,4.622-4.622S14.552,7.378,12,7.378z M12,15 c-1.657,0-3-1.343-3-3s1.343-3,3-3s3,1.343,3,3S13.657,15,12,15z M16.804,6.116c-0.596,0-1.08,0.484-1.08,1.08 s0.484,1.08,1.08,1.08c0.596,0,1.08-0.484,1.08-1.08S17.401,6.116,16.804,6.116z\"><\/path><\/svg><span class=\"wp-block-social-link-label screen-reader-text\">Instagram<\/span><\/a><\/li><\/ul>\n\n\n\n<div style=\"height:29px\" aria-hidden=\"true\" class=\"wp-block-spacer\"><\/div>\n\n\n\n<div class=\"wp-block-group is-layout-flow wp-block-group-is-layout-flow\" style=\"font-size:clamp(14px, 0.875rem + ((1vw - 3.2px) * 0.313), 17px);\">\n<div class=\"wp-block-buttons alignfull has-custom-font-size is-content-justification-center is-layout-flex wp-container-core-buttons-is-layout-a89b3969 wp-block-buttons-is-layout-flex\" style=\"font-size:clamp(14px, 0.875rem + ((1vw - 3.2px) * 0.104), 15px);\">\n<div class=\"wp-block-button\"><a class=\"wp-block-button__link wp-element-button\" href=\"http:\/\/natural-equilibrium.com\/de\/sailing-marlin\/\">SAILING MARLIN<\/a><\/div>\n\n\n\n<div class=\"wp-block-button\"><a class=\"wp-block-button__link wp-element-button\" href=\"https:\/\/natural-equilibrium.com\/de\/boat\/\">BOOT<\/a><\/div>\n\n\n\n<div class=\"wp-block-button\"><a class=\"wp-block-button__link wp-element-button\" href=\"https:\/\/natural-equilibrium.com\/de\/route\/\">ROUTE<\/a><\/div>\n\n\n\n<div class=\"wp-block-button\"><a class=\"wp-block-button__link wp-element-button\" href=\"https:\/\/natural-equilibrium.com\/de\/experiencies\/\">ERLEBNISSE<\/a><\/div>\n<\/div>\n<\/div>\n\n\n\n<p class=\"has-text-align-right has-white-color has-text-color has-link-color wp-elements-b74268eb385ce481c2bc4e3358901fc6\" style=\"font-size:14px;font-style:normal;font-weight:400;letter-spacing:1px\"><a href=\"https:\/\/natural-equilibrium.com\/de\/impressum\/\">Impressum<\/a><\/p>\n\n\n\n<div style=\"height:48px\" aria-hidden=\"true\" class=\"wp-block-spacer\"><\/div>\n<\/div>","protected":false},"excerpt":{"rendered":"<p>WE BOTH ARE PASSIONATED ABOUT NATURE We both like to explore the outdoors, new cultures and new experiences. We share a curiosity for the unknown and the flexibility and courage to step out of our comfort zones. We are passionate about seeking out new challenges and different ways of living in touch with nature. We &hellip; <\/p>\n<p class=\"link-more\"><a href=\"https:\/\/natural-equilibrium.com\/de\/crew\/\" class=\"more-link\">Mehr <span class=\"screen-reader-text\">\u00fcber &#8220;CREW&#8221; <\/span>Lesen<\/a><\/p>","protected":false},"author":1,"featured_media":902,"parent":0,"menu_order":0,"comment_status":"closed","ping_status":"closed","template":"","meta":{"footnotes":""},"class_list":["post-871","page","type-page","status-publish","has-post-thumbnail","hentry"],"jetpack_sharing_enabled":true,"rttpg_featured_image_url":{"full":["https:\/\/natural-equilibrium.com\/wp-content\/uploads\/2024\/02\/IMG_2331-scaled.jpg",1920,2560,false],"landscape":["https:\/\/natural-equilibrium.com\/wp-content\/uploads\/2024\/02\/IMG_2331-scaled.jpg",1920,2560,false],"portraits":["https:\/\/natural-equilibrium.com\/wp-content\/uploads\/2024\/02\/IMG_2331-scaled.jpg",1920,2560,false],"thumbnail":["https:\/\/natural-equilibrium.com\/wp-content\/uploads\/2024\/02\/IMG_2331-150x150.jpg",150,150,true],"medium":["https:\/\/natural-equilibrium.com\/wp-content\/uploads\/2024\/02\/IMG_2331-225x300.jpg",225,300,true],"large":["https:\/\/natural-equilibrium.com\/wp-content\/uploads\/2024\/02\/IMG_2331-768x1024.jpg",768,1024,true],"1536x1536":["https:\/\/natural-equilibrium.com\/wp-content\/uploads\/2024\/02\/IMG_2331-1152x1536.jpg",1152,1536,true],"2048x2048":["https:\/\/natural-equilibrium.com\/wp-content\/uploads\/2024\/02\/IMG_2331-1536x2048.jpg",1536,2048,true],"trp-custom-language-flag":["https:\/\/natural-equilibrium.com\/wp-content\/uploads\/2024\/02\/IMG_2331-9x12.jpg",9,12,true],"inspiro-featured-image":["https:\/\/natural-equilibrium.com\/wp-content\/uploads\/2024\/02\/IMG_2331-2000x2667.jpg",2000,2667,true],"inspiro-loop":["https:\/\/natural-equilibrium.com\/wp-content\/uploads\/2024\/02\/IMG_2331-950x320.jpg",950,320,true],"inspiro-loop@2x":["https:\/\/natural-equilibrium.com\/wp-content\/uploads\/2024\/02\/IMG_2331-1900x640.jpg",1900,640,true],"woocommerce_thumbnail":["https:\/\/natural-equilibrium.com\/wp-content\/uploads\/2024\/02\/IMG_2331-scaled-300x300.jpg",300,300,true],"woocommerce_single":["https:\/\/natural-equilibrium.com\/wp-content\/uploads\/2024\/02\/IMG_2331-scaled-600x800.jpg",600,800,true],"woocommerce_gallery_thumbnail":["https:\/\/natural-equilibrium.com\/wp-content\/uploads\/2024\/02\/IMG_2331-scaled-100x100.jpg",100,100,true]},"rttpg_author":{"display_name":"Marlin","author_link":"https:\/\/natural-equilibrium.com\/de\/author\/josinoa\/"},"rttpg_comment":0,"rttpg_category":null,"rttpg_excerpt":"WE BOTH ARE PASSIONATED ABOUT NATURE We both like to explore the outdoors, new cultures and new experiences. We share a curiosity for the unknown and the flexibility and courage to step out of our comfort zones. We are passionate about seeking out new challenges and different ways of living in touch with nature. We&hellip;","_links":{"self":[{"href":"https:\/\/natural-equilibrium.com\/de\/wp-json\/wp\/v2\/pages\/871","targetHints":{"allow":["GET"]}}],"collection":[{"href":"https:\/\/natural-equilibrium.com\/de\/wp-json\/wp\/v2\/pages"}],"about":[{"href":"https:\/\/natural-equilibrium.com\/de\/wp-json\/wp\/v2\/types\/page"}],"author":[{"embeddable":true,"href":"https:\/\/natural-equilibrium.com\/de\/wp-json\/wp\/v2\/users\/1"}],"replies":[{"embeddable":true,"href":"https:\/\/natural-equilibrium.com\/de\/wp-json\/wp\/v2\/comments?post=871"}],"version-history":[{"count":21,"href":"https:\/\/natural-equilibrium.com\/de\/wp-json\/wp\/v2\/pages\/871\/revisions"}],"predecessor-version":[{"id":1340,"href":"https:\/\/natural-equilibrium.com\/de\/wp-json\/wp\/v2\/pages\/871\/revisions\/1340"}],"wp:featuredmedia":[{"embeddable":true,"href":"https:\/\/natural-equilibrium.com\/de\/wp-json\/wp\/v2\/media\/902"}],"wp:attachment":[{"href":"https:\/\/natural-equilibrium.com\/de\/wp-json\/wp\/v2\/media?parent=871"}],"curies":[{"name":"wp","href":"https:\/\/api.w.org\/{rel}","templated":true}]}}