{"id":709,"date":"2024-02-13T21:56:19","date_gmt":"2024-02-13T20:56:19","guid":{"rendered":"https:\/\/natural-equilibrium.com\/?page_id=709"},"modified":"2026-03-26T21:33:43","modified_gmt":"2026-03-26T20:33:43","slug":"sailing-marlin","status":"publish","type":"page","link":"https:\/\/natural-equilibrium.com\/de\/sailing-marlin\/","title":{"rendered":"SAILING MARLIN"},"content":{"rendered":"<div class=\"wp-block-cover is-light\"><video class=\"wp-block-cover__video-background intrinsic-ignore\" autoplay muted loop playsinline src=\"https:\/\/natural-equilibrium.com\/wp-content\/uploads\/2024\/02\/IMG_2112.mov\" data-object-fit=\"cover\"><\/video><span aria-hidden=\"true\" class=\"wp-block-cover__background has-background-dim-20 has-background-dim\"><\/span><div class=\"wp-block-cover__inner-container has-global-padding is-layout-constrained wp-block-cover-is-layout-constrained\">\n<p class=\"has-text-align-center has-x-large-font-size\" style=\"font-style:italic;font-weight:500\"><\/p>\n<\/div><\/div>\n\n\n\n<h1 class=\"wp-block-heading alignwide has-text-align-center has-large-font-size\" style=\"text-transform:none\">THE SAILING MARLIN PROJECT<\/h1>\n\n\n\n<div style=\"height:36px\" aria-hidden=\"true\" class=\"wp-block-spacer\"><\/div>\n\n\n\n<div class=\"wp-block-media-text is-stacked-on-mobile\" style=\"grid-template-columns:47% auto\"><figure class=\"wp-block-media-text__media\"><img fetchpriority=\"high\" decoding=\"async\" width=\"2560\" height=\"1439\" src=\"https:\/\/natural-equilibrium.com\/wp-content\/uploads\/2024\/02\/MARLIN-Rovinj-HQ-scaled.jpeg\" alt=\"\" class=\"wp-image-715 size-full\"\/><\/figure><div class=\"wp-block-media-text__content\">\n<div class=\"wp-block-group is-vertical is-layout-flex wp-container-core-group-is-layout-fe9cc265 wp-block-group-is-layout-flex\">\n<p class=\"has-text-align-center wp-container-content-c1d8a908\" style=\"font-size:14px;font-style:normal;font-weight:400;letter-spacing:1px\">Unsere Neugier auf ein langsameres Leben, das st\u00e4rker mit der Natur verbunden ist, hat uns dazu gebracht, unsere t\u00e4glichen Routinen und Jobs hinter uns zu lassen und uns auf eine Reise ohne R\u00fcckkehrdatum zu begeben.<\/p>\n\n\n\n<p class=\"has-text-align-center wp-container-content-9cfa9a5a\" style=\"font-size:14px;font-style:normal;font-weight:400;letter-spacing:1px\">Nach langer Suche haben wir Anfang 2022 Marlin gefunden, eine 11-Meter-Segelyacht, die alles hat, was wir f\u00fcr eine Reise auf hoher See brauchen.<\/p>\n<\/div>\n<\/div><\/div>\n\n\n\n<div style=\"height:41px\" aria-hidden=\"true\" class=\"wp-block-spacer\"><\/div>\n\n\n\n<div class=\"wp-block-media-text has-media-on-the-right is-stacked-on-mobile\" style=\"grid-template-columns:auto 47%\"><div class=\"wp-block-media-text__content\">\n<p class=\"has-text-align-center\" style=\"font-size:14px;letter-spacing:1px\">Bis zu unserer Abreise im April 2024 mussten wir zahlreiche Refitprojekte auf dem Schiff abschlie\u00dfen. Zum Beispiel eine neue Takelage, eine Anti-Osmose-Behandlung, neue Elektrik und vieles mehr.<\/p>\n<\/div><figure class=\"wp-block-media-text__media\"><img decoding=\"async\" width=\"1024\" height=\"576\" src=\"https:\/\/natural-equilibrium.com\/wp-content\/uploads\/2024\/02\/Noa-Joseph-Coppercoat-HQ-1-1024x576.jpeg\" alt=\"\" class=\"wp-image-714 size-full\"\/><\/figure><\/div>\n\n\n\n<div style=\"height:65px\" aria-hidden=\"true\" class=\"wp-block-spacer\"><\/div>\n\n\n\n<div class=\"wp-block-group alignwide has-global-padding is-layout-constrained wp-block-group-is-layout-constrained\">\n<p class=\"has-text-align-left has-black-color has-text-color has-link-color wp-elements-71df6bdb94819e1520abd3310f4293e6 wp-container-content-9cfa9a5a\" style=\"font-size:14px;letter-spacing:1px;text-decoration:none\"><strong>ZIEL<\/strong><\/p>\n\n\n\n<p class=\"has-text-align-left has-black-color has-text-color has-link-color wp-elements-dc6bef7312c6d1945ac2661d409ac0b5 wp-container-content-9cfa9a5a\" style=\"font-size:14px;letter-spacing:1px\">The <strong>SAILING MARLIN<\/strong> project was born with the purpose to experience life on the water and to discover different countries and cultures. It was the freedom of sailing and the deep connection with nature that inspired us to embark on this adventure.<\/p>\n\n\n\n<p class=\"has-text-align-left has-black-color has-text-color has-link-color wp-elements-42938b8f373d3b06ab338906884d1b13 wp-container-content-9cfa9a5a\" style=\"font-size:14px;letter-spacing:1px\">At the same time, it means stepping out of our comfort zone and facing challenges like storms or boat breakdowns. Moments like these remind us how important it is to work together as a team and to trust both our own abilities and those of our boat.<\/p>\n\n\n\n<p class=\"has-text-align-left has-black-color has-text-color has-link-color wp-elements-345f0fdb29f481638e31f00ec2693341 wp-container-content-9cfa9a5a\" style=\"font-size:14px;letter-spacing:1px;text-decoration:none\"><strong>FORSCHUNG<\/strong><\/p>\n\n\n\n<p class=\"has-text-align-left has-black-color has-text-color has-link-color wp-elements-524bb6085e7b5271bb7e5827c3705116 wp-container-content-9cfa9a5a\" style=\"font-size:14px;letter-spacing:1px\">What started as a private project has grown into a collaboration between <strong>Natural Equilibrium<\/strong> and the <strong>Marlin<\/strong> crew, documenting this journey and investigating the profound effects of nature on the human mind and body.<\/p>\n\n\n\n<p class=\"has-text-align-left\" style=\"font-size:clamp(14px, 0.875rem + ((1vw - 3.2px) * 0.104), 15px);letter-spacing:1px\"><strong>LEBENSSTIL<\/strong><\/p>\n\n\n\n<p class=\"has-text-align-left has-black-color has-text-color has-link-color wp-elements-c9b137f8b5c1bc43ed165b201d61b19c wp-container-content-9cfa9a5a\" style=\"font-size:14px;letter-spacing:1px\">Our goal is to understand how life can change when you experience two completely different ways of living. One is the familiar rhythm of everyday Western life, full of comfort and convenience. The other is life at sea fully exposed to the adventures and challenges that nature brings.<\/p>\n<\/div>\n\n\n\n<div class=\"wp-block-group alignwide has-global-padding is-layout-constrained wp-block-group-is-layout-constrained\">\n<p class=\"has-text-align-left has-black-color has-text-color has-link-color wp-elements-f3c233528af40314b56ae3c51aee8ba9 wp-container-content-9cfa9a5a\" style=\"font-size:14px;letter-spacing:1px\"><\/p>\n\n\n\n<div style=\"height:71px\" aria-hidden=\"true\" class=\"wp-block-spacer\"><\/div>\n<\/div>\n\n\n\n<figure class=\"wp-block-gallery has-nested-images columns-default is-cropped wp-block-gallery-1 is-layout-flex wp-block-gallery-is-layout-flex\">\n<figure class=\"wp-block-image size-large\"><img decoding=\"async\" width=\"1024\" height=\"768\" data-id=\"955\" src=\"https:\/\/natural-equilibrium.com\/wp-content\/uploads\/2024\/02\/731d9cdb-e52f-4c7b-a987-386b7eb391bf-1024x768.jpg\" alt=\"\" class=\"wp-image-955\"\/><\/figure>\n\n\n\n<figure class=\"wp-block-image size-large\"><img loading=\"lazy\" decoding=\"async\" width=\"768\" height=\"1024\" data-id=\"956\" src=\"https:\/\/natural-equilibrium.com\/wp-content\/uploads\/2024\/02\/b654509e-bf05-4b00-b569-8e3fa1770df7-768x1024.jpg\" alt=\"\" class=\"wp-image-956\"\/><\/figure>\n\n\n\n<figure class=\"wp-block-image size-large\"><img loading=\"lazy\" decoding=\"async\" width=\"1024\" height=\"768\" data-id=\"469\" src=\"https:\/\/natural-equilibrium.com\/wp-content\/uploads\/2023\/11\/IMG_2294-1024x768.jpg\" alt=\"\" class=\"wp-image-469\"\/><\/figure>\n<\/figure>\n\n\n\n<div style=\"height:43px\" aria-hidden=\"true\" class=\"wp-block-spacer\"><\/div>\n\n\n\n<hr class=\"wp-block-separator has-alpha-channel-opacity\"\/>\n\n\n\n<p class=\"has-text-align-center\" style=\"font-size:14px;letter-spacing:1px\">In this section you can look up all the activities and read our blog, as we take you along on our journey across the seas. Don&#8217;t miss the opportunity to enjoy exciting tales of sailing and life on the high seas.<\/p>\n\n\n\n<hr class=\"wp-block-separator has-alpha-channel-opacity\"\/>\n\n\n\n<div style=\"height:39px\" aria-hidden=\"true\" class=\"wp-block-spacer\"><\/div>\n\n\n\n<div class=\"wp-block-buttons is-content-justification-center is-layout-flex wp-container-core-buttons-is-layout-72caf8c6 wp-block-buttons-is-layout-flex\">\n<div class=\"wp-block-button\"><a class=\"wp-block-button__link wp-element-button\" href=\"https:\/\/natural-equilibrium.com\/de\/experiencies\/\">BLOG<\/a><\/div>\n<\/div>\n\n\n\n<div style=\"height:72px\" aria-hidden=\"true\" class=\"wp-block-spacer\"><\/div>\n\n\n\n<figure class=\"wp-block-video aligncenter\"><video height=\"1080\" style=\"aspect-ratio: 1920 \/ 1080;\" width=\"1920\" controls src=\"https:\/\/natural-equilibrium.com\/wp-content\/uploads\/2023\/11\/WhatsApp-Video-2023-11-14-um-11.32.14_ff0da37c.mp4\"><\/video><\/figure>\n\n\n\n<div style=\"height:70px\" aria-hidden=\"true\" class=\"wp-block-spacer\"><\/div>\n\n\n\n<div class=\"wp-block-group alignfull has-black-background-color has-background has-global-padding is-layout-constrained wp-block-group-is-layout-constrained\">\n<div style=\"height:16px\" aria-hidden=\"true\" class=\"wp-block-spacer\"><\/div>\n\n\n\n<ul class=\"wp-block-social-links has-huge-icon-size is-style-logos-only is-content-justification-center is-layout-flex wp-container-core-social-links-is-layout-a89b3969 wp-block-social-links-is-layout-flex\"><li class=\"wp-social-link wp-social-link-instagram  wp-block-social-link\"><a href=\"https:\/\/www.instagram.com\/sailing.marlin\/\" class=\"wp-block-social-link-anchor\"><svg width=\"24\" height=\"24\" viewbox=\"0 0 24 24\" version=\"1.1\" xmlns=\"http:\/\/www.w3.org\/2000\/svg\" aria-hidden=\"true\" focusable=\"false\"><path d=\"M12,4.622c2.403,0,2.688,0.009,3.637,0.052c0.877,0.04,1.354,0.187,1.671,0.31c0.42,0.163,0.72,0.358,1.035,0.673 c0.315,0.315,0.51,0.615,0.673,1.035c0.123,0.317,0.27,0.794,0.31,1.671c0.043,0.949,0.052,1.234,0.052,3.637 s-0.009,2.688-0.052,3.637c-0.04,0.877-0.187,1.354-0.31,1.671c-0.163,0.42-0.358,0.72-0.673,1.035 c-0.315,0.315-0.615,0.51-1.035,0.673c-0.317,0.123-0.794,0.27-1.671,0.31c-0.949,0.043-1.233,0.052-3.637,0.052 s-2.688-0.009-3.637-0.052c-0.877-0.04-1.354-0.187-1.671-0.31c-0.42-0.163-0.72-0.358-1.035-0.673 c-0.315-0.315-0.51-0.615-0.673-1.035c-0.123-0.317-0.27-0.794-0.31-1.671C4.631,14.688,4.622,14.403,4.622,12 s0.009-2.688,0.052-3.637c0.04-0.877,0.187-1.354,0.31-1.671c0.163-0.42,0.358-0.72,0.673-1.035 c0.315-0.315,0.615-0.51,1.035-0.673c0.317-0.123,0.794-0.27,1.671-0.31C9.312,4.631,9.597,4.622,12,4.622 M12,3 C9.556,3,9.249,3.01,8.289,3.054C7.331,3.098,6.677,3.25,6.105,3.472C5.513,3.702,5.011,4.01,4.511,4.511 c-0.5,0.5-0.808,1.002-1.038,1.594C3.25,6.677,3.098,7.331,3.054,8.289C3.01,9.249,3,9.556,3,12c0,2.444,0.01,2.751,0.054,3.711 c0.044,0.958,0.196,1.612,0.418,2.185c0.23,0.592,0.538,1.094,1.038,1.594c0.5,0.5,1.002,0.808,1.594,1.038 c0.572,0.222,1.227,0.375,2.185,0.418C9.249,20.99,9.556,21,12,21s2.751-0.01,3.711-0.054c0.958-0.044,1.612-0.196,2.185-0.418 c0.592-0.23,1.094-0.538,1.594-1.038c0.5-0.5,0.808-1.002,1.038-1.594c0.222-0.572,0.375-1.227,0.418-2.185 C20.99,14.751,21,14.444,21,12s-0.01-2.751-0.054-3.711c-0.044-0.958-0.196-1.612-0.418-2.185c-0.23-0.592-0.538-1.094-1.038-1.594 c-0.5-0.5-1.002-0.808-1.594-1.038c-0.572-0.222-1.227-0.375-2.185-0.418C14.751,3.01,14.444,3,12,3L12,3z M12,7.378 c-2.552,0-4.622,2.069-4.622,4.622S9.448,16.622,12,16.622s4.622-2.069,4.622-4.622S14.552,7.378,12,7.378z M12,15 c-1.657,0-3-1.343-3-3s1.343-3,3-3s3,1.343,3,3S13.657,15,12,15z M16.804,6.116c-0.596,0-1.08,0.484-1.08,1.08 s0.484,1.08,1.08,1.08c0.596,0,1.08-0.484,1.08-1.08S17.401,6.116,16.804,6.116z\"><\/path><\/svg><span class=\"wp-block-social-link-label screen-reader-text\">Instagram<\/span><\/a><\/li><\/ul>\n\n\n\n<div style=\"height:29px\" aria-hidden=\"true\" class=\"wp-block-spacer\"><\/div>\n\n\n\n<div class=\"wp-block-group is-layout-flow wp-block-group-is-layout-flow\" style=\"font-size:clamp(14px, 0.875rem + ((1vw - 3.2px) * 0.313), 17px);\">\n<div class=\"wp-block-buttons alignfull has-custom-font-size is-content-justification-center is-layout-flex wp-container-core-buttons-is-layout-a89b3969 wp-block-buttons-is-layout-flex\" style=\"font-size:clamp(14px, 0.875rem + ((1vw - 3.2px) * 0.104), 15px);\">\n<div class=\"wp-block-button\"><a class=\"wp-block-button__link wp-element-button\" href=\"https:\/\/natural-equilibrium.com\/de\/crew\/\">TEAM<\/a><\/div>\n\n\n\n<div class=\"wp-block-button\"><a class=\"wp-block-button__link wp-element-button\" href=\"https:\/\/natural-equilibrium.com\/de\/boat\/\">BOOT<\/a><\/div>\n\n\n\n<div class=\"wp-block-button\"><a class=\"wp-block-button__link wp-element-button\" href=\"https:\/\/natural-equilibrium.com\/de\/experiencies\/\">ERLEBNISSE<\/a><\/div>\n\n\n\n<div class=\"wp-block-button\"><a class=\"wp-block-button__link wp-element-button\" href=\"https:\/\/natural-equilibrium.com\/de\/route\/\">ROUTE<\/a><\/div>\n<\/div>\n<\/div>\n\n\n\n<p class=\"has-text-align-right has-white-color has-text-color has-link-color wp-elements-d14063fe3b266bb078f954853cba9522\" style=\"font-size:14px;font-style:normal;font-weight:400;letter-spacing:1px\"><a href=\"https:\/\/natural-equilibrium.com\/de\/impressum\/\" data-type=\"link\" data-id=\"https:\/\/natural-equilibrium.com\/impressum\/\">Impressum<\/a><\/p>\n\n\n\n<div style=\"height:48px\" aria-hidden=\"true\" class=\"wp-block-spacer\"><\/div>\n<\/div>","protected":false},"excerpt":{"rendered":"<p>THE SAILING MARLIN PROJECT Before our departure in April 2024 we had to manage and complete multiple refit projects on the boat.&nbsp;New rigging, anti osmosis treatment, electricity and more. PURPOSE The SAILING MARLIN project was born with the purpose to experience life on the water and to discover different countries and cultures. It was the &hellip; <\/p>\n<p class=\"link-more\"><a href=\"https:\/\/natural-equilibrium.com\/de\/sailing-marlin\/\" class=\"more-link\">Mehr <span class=\"screen-reader-text\">\u00fcber &#8220;SAILING MARLIN&#8221; <\/span>Lesen<\/a><\/p>","protected":false},"author":1,"featured_media":470,"parent":0,"menu_order":0,"comment_status":"closed","ping_status":"closed","template":"","meta":{"footnotes":""},"class_list":["post-709","page","type-page","status-publish","has-post-thumbnail","hentry"],"jetpack_sharing_enabled":true,"rttpg_featured_image_url":{"full":["https:\/\/natural-equilibrium.com\/wp-content\/uploads\/2023\/11\/IMG_2308-scaled.jpg",1920,2560,false],"landscape":["https:\/\/natural-equilibrium.com\/wp-content\/uploads\/2023\/11\/IMG_2308-scaled.jpg",1920,2560,false],"portraits":["https:\/\/natural-equilibrium.com\/wp-content\/uploads\/2023\/11\/IMG_2308-scaled.jpg",1920,2560,false],"thumbnail":["https:\/\/natural-equilibrium.com\/wp-content\/uploads\/2023\/11\/IMG_2308-150x150.jpg",150,150,true],"medium":["https:\/\/natural-equilibrium.com\/wp-content\/uploads\/2023\/11\/IMG_2308-225x300.jpg",225,300,true],"large":["https:\/\/natural-equilibrium.com\/wp-content\/uploads\/2023\/11\/IMG_2308-768x1024.jpg",768,1024,true],"1536x1536":["https:\/\/natural-equilibrium.com\/wp-content\/uploads\/2023\/11\/IMG_2308-1152x1536.jpg",1152,1536,true],"2048x2048":["https:\/\/natural-equilibrium.com\/wp-content\/uploads\/2023\/11\/IMG_2308-1536x2048.jpg",1536,2048,true],"trp-custom-language-flag":["https:\/\/natural-equilibrium.com\/wp-content\/uploads\/2023\/11\/IMG_2308-9x12.jpg",9,12,true],"inspiro-featured-image":["https:\/\/natural-equilibrium.com\/wp-content\/uploads\/2023\/11\/IMG_2308-2000x2667.jpg",2000,2667,true],"inspiro-loop":["https:\/\/natural-equilibrium.com\/wp-content\/uploads\/2023\/11\/IMG_2308-950x320.jpg",950,320,true],"inspiro-loop@2x":["https:\/\/natural-equilibrium.com\/wp-content\/uploads\/2023\/11\/IMG_2308-1900x640.jpg",1900,640,true],"woocommerce_thumbnail":["https:\/\/natural-equilibrium.com\/wp-content\/uploads\/2023\/11\/IMG_2308-scaled-300x300.jpg",300,300,true],"woocommerce_single":["https:\/\/natural-equilibrium.com\/wp-content\/uploads\/2023\/11\/IMG_2308-scaled-600x800.jpg",600,800,true],"woocommerce_gallery_thumbnail":["https:\/\/natural-equilibrium.com\/wp-content\/uploads\/2023\/11\/IMG_2308-scaled-100x100.jpg",100,100,true]},"rttpg_author":{"display_name":"Marlin","author_link":"https:\/\/natural-equilibrium.com\/de\/author\/josinoa\/"},"rttpg_comment":0,"rttpg_category":null,"rttpg_excerpt":"THE SAILING MARLIN PROJECT Before our departure in April 2024 we had to manage and complete multiple refit projects on the boat.&nbsp;New rigging, anti osmosis treatment, electricity and more. PURPOSE The SAILING MARLIN project was born with the purpose to experience life on the water and to discover different countries and cultures. It was the&hellip;","_links":{"self":[{"href":"https:\/\/natural-equilibrium.com\/de\/wp-json\/wp\/v2\/pages\/709","targetHints":{"allow":["GET"]}}],"collection":[{"href":"https:\/\/natural-equilibrium.com\/de\/wp-json\/wp\/v2\/pages"}],"about":[{"href":"https:\/\/natural-equilibrium.com\/de\/wp-json\/wp\/v2\/types\/page"}],"author":[{"embeddable":true,"href":"https:\/\/natural-equilibrium.com\/de\/wp-json\/wp\/v2\/users\/1"}],"replies":[{"embeddable":true,"href":"https:\/\/natural-equilibrium.com\/de\/wp-json\/wp\/v2\/comments?post=709"}],"version-history":[{"count":168,"href":"https:\/\/natural-equilibrium.com\/de\/wp-json\/wp\/v2\/pages\/709\/revisions"}],"predecessor-version":[{"id":2741,"href":"https:\/\/natural-equilibrium.com\/de\/wp-json\/wp\/v2\/pages\/709\/revisions\/2741"}],"wp:featuredmedia":[{"embeddable":true,"href":"https:\/\/natural-equilibrium.com\/de\/wp-json\/wp\/v2\/media\/470"}],"wp:attachment":[{"href":"https:\/\/natural-equilibrium.com\/de\/wp-json\/wp\/v2\/media?parent=709"}],"curies":[{"name":"wp","href":"https:\/\/api.w.org\/{rel}","templated":true}]}}