{"id":255,"date":"2023-09-14T22:40:25","date_gmt":"2023-09-14T20:40:25","guid":{"rendered":"https:\/\/natural-equilibrium.com\/?page_id=255"},"modified":"2025-10-13T23:52:19","modified_gmt":"2025-10-13T21:52:19","slug":"join-support-us","status":"publish","type":"page","link":"https:\/\/natural-equilibrium.com\/de\/join-support-us\/","title":{"rendered":"Sei dabei"},"content":{"rendered":"<div style=\"height:60px\" aria-hidden=\"true\" class=\"wp-block-spacer\"><\/div>\n\n\n\n<p class=\"has-text-align-left\" style=\"font-size:14px;font-style:normal;font-weight:400;letter-spacing:1px\">Es gibt viele M\u00f6glichkeiten, unsere Arbeit zu unterst\u00fctzen. Deine Hilfe ist ein wichtiger Beitrag zum Erfolg unserer Projekte und macht deren Umsetzung m\u00f6glich.<\/p>\n\n\n\n<div style=\"height:44px\" aria-hidden=\"true\" class=\"wp-block-spacer\"><\/div>\n\n\n\n<p class=\"has-text-align-left has-text-color has-link-color wp-elements-856cded61319e711462ea5315f8e9642\" style=\"color:#0bb4aa;font-size:clamp(18.959px, 1.185rem + ((1vw - 3.2px) * 1.15), 30px);\"><strong>MIETGLIEDSCHAFT<\/strong><\/p>\n\n\n\n<p class=\"has-text-align-left\" style=\"font-size:14px;font-style:normal;font-weight:400;letter-spacing:1px\"><strong>Du teilst unsere Leidenschaft und m\u00f6chtest Dich unserer Arbeit anschlie\u00dfen?<\/strong> <\/p>\n\n\n\n<p class=\"has-text-align-left\" style=\"font-size:14px;font-style:normal;font-weight:400;letter-spacing:1px\">Werde als F\u00f6rdermitglied ein Teil von NATURAL EQUILIBRIUM.<\/p>\n\n\n\n<p class=\"has-text-align-left translation-block\" style=\"font-size:14px;font-style:normal;font-weight:400;letter-spacing:1px\">Dein Beitrag unterst\u00fctzt uns bei der Umsetzung der ausschlie\u00dflich gemeinn\u00fctzigen Projekte und Aktivit\u00e4ten.<\/p>\n\n\n\n<div style=\"height:33px\" aria-hidden=\"true\" class=\"wp-block-spacer\"><\/div>\n\n\n\n<div class=\"wp-block-buttons has-custom-font-size has-small-font-size is-content-justification-center is-layout-flex wp-container-core-buttons-is-layout-a89b3969 wp-block-buttons-is-layout-flex\">\n<div class=\"wp-block-button\"><a class=\"wp-block-button__link has-text-align-left wp-element-button\" href=\"https:\/\/natural-equilibrium.com\/de\/get-supporting-member\/\">Werde F\u00f6rdermitglied<\/a><\/div>\n<\/div>\n\n\n\n<div style=\"height:44px\" aria-hidden=\"true\" class=\"wp-block-spacer\"><\/div>\n\n\n\n<p class=\"has-text-align-left has-text-color has-link-color wp-elements-24ef63fc7d867f3984e35bec6be1b697\" style=\"color:#0bb4aa;font-size:clamp(18.959px, 1.185rem + ((1vw - 3.2px) * 1.15), 30px);\"><strong>SPENDE<\/strong><\/p>\n\n\n\n<p class=\"has-text-align-left\" style=\"font-size:14px;font-style:normal;font-weight:400;letter-spacing:1px\">Du kannst uns auch bei der Durchf\u00fchrung unserer Projekte unterst\u00fctzen, indem Du einen beliebigen Betrag spendest. Dein Beitrag kann f\u00fcr ein bestimmtes Projekt unter folgendem PayPal-Link ausgew\u00e4hlt werden. <\/p>\n\n\n\n<form action=\"https:\/\/www.paypal.com\/donate\" method=\"post\" target=\"_top\">\n<input type=\"hidden\" name=\"hosted_button_id\" value=\"HJTQ8MXY2J7AJ\" \/>\n<input type=\"image\" src=\"https:\/\/www.paypalobjects.com\/en_US\/AT\/i\/btn\/btn_donateCC_LG.gif\" border=\"0\" name=\"submit\" title=\"PayPal - The safer, easier way to pay online!\" alt=\"Donate with PayPal button\" \/>\n<img decoding=\"async\" alt=\"\" border=\"0\" src=\"https:\/\/www.paypal.com\/en_AT\/i\/scr\/pixel.gif\" width=\"1\" height=\"1\" \/>\n<\/form>\n\n\n\n<p class=\"has-text-align-left\" style=\"font-size:14px;font-style:normal;font-weight:400;letter-spacing:1px\">Du kannst deine Spende auch auf folgendes Konto \u00fcberweisen:<\/p>\n\n\n\n<p class=\"has-text-align-left\" style=\"font-size:14px;font-style:normal;font-weight:400;letter-spacing:1px\"><strong>NATURAL EQUILIBRIUM<\/strong><br>IBAN: BE36 9677 5957 0081<br>BIC: TRWIBEB1XXX<\/p>\n\n\n\n<div style=\"height:42px\" aria-hidden=\"true\" class=\"wp-block-spacer\"><\/div>\n\n\n\n<p class=\"has-text-align-left has-text-color has-link-color wp-elements-cc7ae41bf2439c40ba0384f30a83d5fe\" style=\"color:#0bb4aa;font-size:clamp(18.959px, 1.185rem + ((1vw - 3.2px) * 1.15), 30px);\"><strong>INDIVIDUELLE UNTERST\u00dcTZUNG<\/strong><\/p>\n\n\n\n<p class=\"has-text-align-left translation-block\" style=\"font-size:14px;font-style:normal;font-weight:400;letter-spacing:1px\">Wenn Du uns auf andere Weise unterst\u00fctzen m\u00f6chtest, freuen wir uns \u00fcber Deinen Vorschlag. Schreib uns am besten eine\n <a href=\"mailto:info@natural-equilibrium.com\" data-type=\"mailto\" data-id=\"mailto:info@natural-equilibrium.com\" target=\"_self\">E-Mail<\/a>.<\/p>\n\n\n\n<div style=\"height:var(--wp--preset--spacing--60)\" aria-hidden=\"true\" class=\"wp-block-spacer\"><\/div>\n\n\n\n<div class=\"wp-block-group alignfull has-black-background-color has-background has-global-padding is-layout-constrained wp-block-group-is-layout-constrained\">\n<div style=\"height:16px\" aria-hidden=\"true\" class=\"wp-block-spacer\"><\/div>\n\n\n\n<ul class=\"wp-block-social-links has-huge-icon-size is-style-logos-only is-content-justification-center is-layout-flex wp-container-core-social-links-is-layout-a89b3969 wp-block-social-links-is-layout-flex\"><li class=\"wp-social-link wp-social-link-instagram  wp-block-social-link\"><a href=\"https:\/\/www.instagram.com\/sailing.marlin\/\" class=\"wp-block-social-link-anchor\"><svg width=\"24\" height=\"24\" viewbox=\"0 0 24 24\" version=\"1.1\" xmlns=\"http:\/\/www.w3.org\/2000\/svg\" aria-hidden=\"true\" focusable=\"false\"><path d=\"M12,4.622c2.403,0,2.688,0.009,3.637,0.052c0.877,0.04,1.354,0.187,1.671,0.31c0.42,0.163,0.72,0.358,1.035,0.673 c0.315,0.315,0.51,0.615,0.673,1.035c0.123,0.317,0.27,0.794,0.31,1.671c0.043,0.949,0.052,1.234,0.052,3.637 s-0.009,2.688-0.052,3.637c-0.04,0.877-0.187,1.354-0.31,1.671c-0.163,0.42-0.358,0.72-0.673,1.035 c-0.315,0.315-0.615,0.51-1.035,0.673c-0.317,0.123-0.794,0.27-1.671,0.31c-0.949,0.043-1.233,0.052-3.637,0.052 s-2.688-0.009-3.637-0.052c-0.877-0.04-1.354-0.187-1.671-0.31c-0.42-0.163-0.72-0.358-1.035-0.673 c-0.315-0.315-0.51-0.615-0.673-1.035c-0.123-0.317-0.27-0.794-0.31-1.671C4.631,14.688,4.622,14.403,4.622,12 s0.009-2.688,0.052-3.637c0.04-0.877,0.187-1.354,0.31-1.671c0.163-0.42,0.358-0.72,0.673-1.035 c0.315-0.315,0.615-0.51,1.035-0.673c0.317-0.123,0.794-0.27,1.671-0.31C9.312,4.631,9.597,4.622,12,4.622 M12,3 C9.556,3,9.249,3.01,8.289,3.054C7.331,3.098,6.677,3.25,6.105,3.472C5.513,3.702,5.011,4.01,4.511,4.511 c-0.5,0.5-0.808,1.002-1.038,1.594C3.25,6.677,3.098,7.331,3.054,8.289C3.01,9.249,3,9.556,3,12c0,2.444,0.01,2.751,0.054,3.711 c0.044,0.958,0.196,1.612,0.418,2.185c0.23,0.592,0.538,1.094,1.038,1.594c0.5,0.5,1.002,0.808,1.594,1.038 c0.572,0.222,1.227,0.375,2.185,0.418C9.249,20.99,9.556,21,12,21s2.751-0.01,3.711-0.054c0.958-0.044,1.612-0.196,2.185-0.418 c0.592-0.23,1.094-0.538,1.594-1.038c0.5-0.5,0.808-1.002,1.038-1.594c0.222-0.572,0.375-1.227,0.418-2.185 C20.99,14.751,21,14.444,21,12s-0.01-2.751-0.054-3.711c-0.044-0.958-0.196-1.612-0.418-2.185c-0.23-0.592-0.538-1.094-1.038-1.594 c-0.5-0.5-1.002-0.808-1.594-1.038c-0.572-0.222-1.227-0.375-2.185-0.418C14.751,3.01,14.444,3,12,3L12,3z M12,7.378 c-2.552,0-4.622,2.069-4.622,4.622S9.448,16.622,12,16.622s4.622-2.069,4.622-4.622S14.552,7.378,12,7.378z M12,15 c-1.657,0-3-1.343-3-3s1.343-3,3-3s3,1.343,3,3S13.657,15,12,15z M16.804,6.116c-0.596,0-1.08,0.484-1.08,1.08 s0.484,1.08,1.08,1.08c0.596,0,1.08-0.484,1.08-1.08S17.401,6.116,16.804,6.116z\"><\/path><\/svg><span class=\"wp-block-social-link-label screen-reader-text\">Instagram<\/span><\/a><\/li>\n\n<li class=\"wp-social-link wp-social-link-youtube  wp-block-social-link\"><a href=\"https:\/\/www.youtube.com\/@NATEQU\" class=\"wp-block-social-link-anchor\"><svg width=\"24\" height=\"24\" viewbox=\"0 0 24 24\" version=\"1.1\" xmlns=\"http:\/\/www.w3.org\/2000\/svg\" aria-hidden=\"true\" focusable=\"false\"><path d=\"M21.8,8.001c0,0-0.195-1.378-0.795-1.985c-0.76-0.797-1.613-0.801-2.004-0.847c-2.799-0.202-6.997-0.202-6.997-0.202 h-0.009c0,0-4.198,0-6.997,0.202C4.608,5.216,3.756,5.22,2.995,6.016C2.395,6.623,2.2,8.001,2.2,8.001S2,9.62,2,11.238v1.517 c0,1.618,0.2,3.237,0.2,3.237s0.195,1.378,0.795,1.985c0.761,0.797,1.76,0.771,2.205,0.855c1.6,0.153,6.8,0.201,6.8,0.201 s4.203-0.006,7.001-0.209c0.391-0.047,1.243-0.051,2.004-0.847c0.6-0.607,0.795-1.985,0.795-1.985s0.2-1.618,0.2-3.237v-1.517 C22,9.62,21.8,8.001,21.8,8.001z M9.935,14.594l-0.001-5.62l5.404,2.82L9.935,14.594z\"><\/path><\/svg><span class=\"wp-block-social-link-label screen-reader-text\">YouTube<\/span><\/a><\/li><\/ul>\n\n\n\n<div style=\"height:29px\" aria-hidden=\"true\" class=\"wp-block-spacer\"><\/div>\n\n\n\n<div class=\"wp-block-group is-layout-flow wp-block-group-is-layout-flow\" style=\"font-size:clamp(14px, 0.875rem + ((1vw - 3.2px) * 0.313), 17px);\">\n<div class=\"wp-block-buttons alignfull has-custom-font-size is-content-justification-center is-layout-flex wp-container-core-buttons-is-layout-a89b3969 wp-block-buttons-is-layout-flex\" style=\"font-size:clamp(14px, 0.875rem + ((1vw - 3.2px) * 0.104), 15px);\">\n<div class=\"wp-block-button\"><a class=\"wp-block-button__link wp-element-button\" href=\"https:\/\/natural-equilibrium.com\/de\/about-us\/\">\u00dcber uns<\/a><\/div>\n\n\n\n<div class=\"wp-block-button\"><a class=\"wp-block-button__link wp-element-button\" href=\"https:\/\/natural-equilibrium.com\/de\/projects\/\">Projekte<\/a><\/div>\n<\/div>\n\n\n\n<p class=\"has-text-align-right has-white-color has-text-color has-link-color wp-elements-42682a3297644ceabf02ba8b5a7c7403\" style=\"font-size:14px;font-style:normal;font-weight:400;letter-spacing:1px\">Impressum<\/p>\n<\/div>\n\n\n\n<div style=\"height:48px\" aria-hidden=\"true\" class=\"wp-block-spacer\"><\/div>\n<\/div>","protected":false},"excerpt":{"rendered":"<p>There are many ways to support our work. Your help is an important contribution to the success of our projects and makes their realisation possible. MEMBERSHIP You share our passion and would like to join and support our work? Help spread a way of life in harmony with nature by joining NATURAL EQUILIBRIUM. It will &hellip; <\/p>\n<p class=\"link-more\"><a href=\"https:\/\/natural-equilibrium.com\/de\/join-support-us\/\" class=\"more-link\">Mehr <span class=\"screen-reader-text\">\u00fcber &#8220;Join &#038; Support Us&#8221; <\/span>Lesen<\/a><\/p>","protected":false},"author":1,"featured_media":188,"parent":0,"menu_order":0,"comment_status":"closed","ping_status":"closed","template":"","meta":{"footnotes":""},"class_list":["post-255","page","type-page","status-publish","has-post-thumbnail","hentry"],"jetpack_sharing_enabled":true,"rttpg_featured_image_url":{"full":["https:\/\/natural-equilibrium.com\/wp-content\/uploads\/2023\/09\/pexels-riccardo-303040-scaled.jpg",2560,1707,false],"landscape":["https:\/\/natural-equilibrium.com\/wp-content\/uploads\/2023\/09\/pexels-riccardo-303040-scaled.jpg",2560,1707,false],"portraits":["https:\/\/natural-equilibrium.com\/wp-content\/uploads\/2023\/09\/pexels-riccardo-303040-scaled.jpg",2560,1707,false],"thumbnail":["https:\/\/natural-equilibrium.com\/wp-content\/uploads\/2023\/09\/pexels-riccardo-303040-scaled.jpg",150,100,false],"medium":["https:\/\/natural-equilibrium.com\/wp-content\/uploads\/2023\/09\/pexels-riccardo-303040-scaled.jpg",300,200,false],"large":["https:\/\/natural-equilibrium.com\/wp-content\/uploads\/2023\/09\/pexels-riccardo-303040-scaled.jpg",950,633,false],"1536x1536":["https:\/\/natural-equilibrium.com\/wp-content\/uploads\/2023\/09\/pexels-riccardo-303040-scaled-1536x1024.jpg",1536,1024,true],"2048x2048":["https:\/\/natural-equilibrium.com\/wp-content\/uploads\/2023\/09\/pexels-riccardo-303040-scaled-2048x1366.jpg",2048,1366,true],"trp-custom-language-flag":["https:\/\/natural-equilibrium.com\/wp-content\/uploads\/2023\/09\/pexels-riccardo-303040-scaled-18x12.jpg",18,12,true],"inspiro-featured-image":["https:\/\/natural-equilibrium.com\/wp-content\/uploads\/2023\/09\/pexels-riccardo-303040-scaled-2000x1334.jpg",2000,1334,true],"inspiro-loop":["https:\/\/natural-equilibrium.com\/wp-content\/uploads\/2023\/09\/pexels-riccardo-303040-scaled-950x320.jpg",950,320,true],"inspiro-loop@2x":["https:\/\/natural-equilibrium.com\/wp-content\/uploads\/2023\/09\/pexels-riccardo-303040-scaled-1900x640.jpg",1900,640,true],"woocommerce_thumbnail":["https:\/\/natural-equilibrium.com\/wp-content\/uploads\/2023\/09\/pexels-riccardo-303040-scaled-300x300.jpg",300,300,true],"woocommerce_single":["https:\/\/natural-equilibrium.com\/wp-content\/uploads\/2023\/09\/pexels-riccardo-303040-scaled-600x400.jpg",600,400,true],"woocommerce_gallery_thumbnail":["https:\/\/natural-equilibrium.com\/wp-content\/uploads\/2023\/09\/pexels-riccardo-303040-scaled-100x100.jpg",100,100,true]},"rttpg_author":{"display_name":"Marlin","author_link":"https:\/\/natural-equilibrium.com\/de\/author\/josinoa\/"},"rttpg_comment":0,"rttpg_category":null,"rttpg_excerpt":"There are many ways to support our work. Your help is an important contribution to the success of our projects and makes their realisation possible. MEMBERSHIP You share our passion and would like to join and support our work? Help spread a way of life in harmony with nature by joining NATURAL EQUILIBRIUM. It will&hellip;","_links":{"self":[{"href":"https:\/\/natural-equilibrium.com\/de\/wp-json\/wp\/v2\/pages\/255","targetHints":{"allow":["GET"]}}],"collection":[{"href":"https:\/\/natural-equilibrium.com\/de\/wp-json\/wp\/v2\/pages"}],"about":[{"href":"https:\/\/natural-equilibrium.com\/de\/wp-json\/wp\/v2\/types\/page"}],"author":[{"embeddable":true,"href":"https:\/\/natural-equilibrium.com\/de\/wp-json\/wp\/v2\/users\/1"}],"replies":[{"embeddable":true,"href":"https:\/\/natural-equilibrium.com\/de\/wp-json\/wp\/v2\/comments?post=255"}],"version-history":[{"count":41,"href":"https:\/\/natural-equilibrium.com\/de\/wp-json\/wp\/v2\/pages\/255\/revisions"}],"predecessor-version":[{"id":2396,"href":"https:\/\/natural-equilibrium.com\/de\/wp-json\/wp\/v2\/pages\/255\/revisions\/2396"}],"wp:featuredmedia":[{"embeddable":true,"href":"https:\/\/natural-equilibrium.com\/de\/wp-json\/wp\/v2\/media\/188"}],"wp:attachment":[{"href":"https:\/\/natural-equilibrium.com\/de\/wp-json\/wp\/v2\/media?parent=255"}],"curies":[{"name":"wp","href":"https:\/\/api.w.org\/{rel}","templated":true}]}}